{"id":3433,"date":"2024-03-06T09:47:02","date_gmt":"2024-03-06T08:47:02","guid":{"rendered":"https:\/\/hotelmartinelli.it\/apartments\/"},"modified":"2025-02-03T10:52:36","modified_gmt":"2025-02-03T09:52:36","slug":"appartements","status":"publish","type":"page","link":"https:\/\/hotelmartinelli.it\/de\/appartements\/","title":{"rendered":"Appartements"},"content":{"rendered":"<section class=\"l-section wpb_row us_custom_a394a746 height_medium with_img\"><div class=\"l-section-img\" role=\"img\" aria-label=\"Bild\" data-img-width=\"1920\" data-img-height=\"1280\" style=\"background-image: url(https:\/\/hotelmartinelli.it\/wp-content\/uploads\/2024\/02\/IMG_1106.jpg);background-repeat: no-repeat;\"><\/div><div class=\"l-section-overlay\" style=\"background:linear-gradient(180deg,rgba(0,0,0,0.00),rgba(0,0,0,0.25))\"><\/div><div class=\"l-section-h i-cf\"><div class=\"g-cols vc_row via_flex valign_bottom type_default stacking_default\"><div class=\"vc_col-sm-12 wpb_column vc_column_container\"><div class=\"vc_column-inner\"><div class=\"wpb_wrapper\"><\/div><\/div><\/div><\/div><\/div><\/section><section class=\"l-section wpb_row us_custom_d77bca1a us_animate_this height_large\"><div class=\"l-section-h i-cf\"><div class=\"g-cols vc_row via_flex valign_top type_default stacking_default\"><div class=\"vc_col-sm-2 wpb_column vc_column_container\"><div class=\"vc_column-inner\"><div class=\"wpb_wrapper\"><\/div><\/div><\/div><div class=\"vc_col-sm-8 wpb_column vc_column_container\"><div class=\"vc_column-inner\"><div class=\"wpb_wrapper\"><h2 class=\"w-text us_custom_1b891de1 us_animate_this\"><span class=\"w-text-h\"><span class=\"w-text-value\">Unsere<strong> Appartements <\/strong><\/span><\/span><\/h2><div class=\"w-separator size_medium\"><\/div><div class=\"wpb_text_column us_custom_d77bca1a us_animate_this\"><div class=\"wpb_wrapper\"><p style=\"text-align: center;\">Wir verf\u00fcgen auch \u00fcber elegante Zweizimmerwohnungen in einem vom Hotel getrennten Haus \u2013 perfekt f\u00fcr den Aufenthalt einer Familie. Jedes Appartement bietet Platz f\u00fcr vier Personen. Die Architektur des Hauses spiegelt die typische Trentiner Architektur mit modernem Touch wider.<strong> Das Guest House France liegt nur einen Katzensprung vom Hotel entfernt und bietet folgende Annehmlichkeiten<\/strong><\/p>\n<\/div><\/div><div class=\"w-separator size_huge\"><\/div><h3 class=\"w-text us_custom_1b891de1 us_animate_this\"><span class=\"w-text-h\"><span class=\"w-text-value\">Auf unserer Seite finden Sie immer den besten Preis!<\/span><\/span><\/h3><div class=\"wpb_text_column us_custom_2638f13d us_animate_this\"><div class=\"wpb_wrapper\"><p>Die Tarife, die Sie auf unserer Seite sehen, sind bereits g\u00fcnstiger als jeder andere Buchungsdienst, wo Sie unsere Zimmer buchen k\u00f6nnen.<\/p>\n<\/div><\/div><div class=\"w-separator size_medium\"><\/div><\/div><\/div><\/div><div class=\"vc_col-sm-2 wpb_column vc_column_container\"><div class=\"vc_column-inner\"><div class=\"wpb_wrapper\"><\/div><\/div><\/div><\/div><\/div><\/section><section class=\"l-section wpb_row height_auto color_alternate\"><div class=\"l-section-h i-cf\"><div class=\"g-cols vc_row via_flex valign_middle type_default stacking_default\"><div class=\"vc_col-sm-6 wpb_column vc_column_container stretched\"><div class=\"vc_column-inner\"><div class=\"wpb_wrapper\"><div class=\"w-slider style_none fit_contain nav_none count_7\"><div class=\"w-slider-h\"><div class=\"royalSlider\"><div class=\"rsContent\"><a class=\"rsImg\" data-rsw=\"1280\" data-rsh=\"853\" data-rsBigImg=\"https:\/\/hotelmartinelli.it\/wp-content\/uploads\/2024\/02\/IMG_1526.jpg\" href=\"https:\/\/hotelmartinelli.it\/wp-content\/uploads\/2024\/02\/IMG_1526-1280x853.jpg\"><span data-alt=\"\"><\/span><\/a><\/div><div class=\"rsContent\"><a class=\"rsImg\" data-rsw=\"1280\" data-rsh=\"853\" data-rsBigImg=\"https:\/\/hotelmartinelli.it\/wp-content\/uploads\/2024\/02\/IMG_1497.jpg\" href=\"https:\/\/hotelmartinelli.it\/wp-content\/uploads\/2024\/02\/IMG_1497-1280x853.jpg\"><span data-alt=\"\"><\/span><\/a><\/div><div class=\"rsContent\"><a class=\"rsImg\" data-rsw=\"1280\" data-rsh=\"853\" data-rsBigImg=\"https:\/\/hotelmartinelli.it\/wp-content\/uploads\/2024\/02\/IMG_1508.jpg\" href=\"https:\/\/hotelmartinelli.it\/wp-content\/uploads\/2024\/02\/IMG_1508-1280x853.jpg\"><span data-alt=\"\"><\/span><\/a><\/div><div class=\"rsContent\"><a class=\"rsImg\" data-rsw=\"1280\" data-rsh=\"853\" data-rsBigImg=\"https:\/\/hotelmartinelli.it\/wp-content\/uploads\/2024\/02\/IMG_1506.jpg\" href=\"https:\/\/hotelmartinelli.it\/wp-content\/uploads\/2024\/02\/IMG_1506-1280x853.jpg\"><span data-alt=\"\"><\/span><\/a><\/div><div class=\"rsContent\"><a class=\"rsImg\" data-rsw=\"1280\" data-rsh=\"853\" data-rsBigImg=\"https:\/\/hotelmartinelli.it\/wp-content\/uploads\/2024\/02\/IMG_1539.jpg\" href=\"https:\/\/hotelmartinelli.it\/wp-content\/uploads\/2024\/02\/IMG_1539-1280x853.jpg\"><span data-alt=\"\"><\/span><\/a><\/div><div class=\"rsContent\"><a class=\"rsImg\" data-rsw=\"1280\" data-rsh=\"853\" data-rsBigImg=\"https:\/\/hotelmartinelli.it\/wp-content\/uploads\/2024\/02\/351A3672.jpg\" href=\"https:\/\/hotelmartinelli.it\/wp-content\/uploads\/2024\/02\/351A3672-1280x853.jpg\"><span data-alt=\"\"><\/span><\/a><\/div><div class=\"rsContent\"><a class=\"rsImg\" data-rsw=\"1280\" data-rsh=\"853\" data-rsBigImg=\"https:\/\/hotelmartinelli.it\/wp-content\/uploads\/2024\/02\/351A3679-Copia-Copia.jpg\" href=\"https:\/\/hotelmartinelli.it\/wp-content\/uploads\/2024\/02\/351A3679-Copia-Copia-1280x853.jpg\"><span data-alt=\"\"><\/span><\/a><\/div><\/div><img decoding=\"async\" src=\"https:\/\/hotelmartinelli.it\/wp-content\/uploads\/2024\/02\/IMG_1526-1280x853.jpg\" width=\"1280\" height=\"853\" alt loading=\"lazy\"><\/div><div class=\"w-slider-json\" onclick='return {&quot;autoScaleSlider&quot;:true,&quot;addActiveClass&quot;:true,&quot;loop&quot;:true,&quot;fadeInLoadedSlide&quot;:false,&quot;slidesSpacing&quot;:0,&quot;imageScalePadding&quot;:0,&quot;numImagesToPreload&quot;:2,&quot;arrowsNav&quot;:true,&quot;arrowsNavAutoHide&quot;:false,&quot;transitionType&quot;:&quot;fade&quot;,&quot;transitionSpeed&quot;:600,&quot;block&quot;:{&quot;moveEffect&quot;:&quot;none&quot;,&quot;speed&quot;:300},&quot;thumbs&quot;:{&quot;fitInViewport&quot;:false,&quot;firstMargin&quot;:false,&quot;spacing&quot;:4},&quot;controlNavigation&quot;:&quot;none&quot;,&quot;fullscreen&quot;:{&quot;enabled&quot;:true},&quot;autoScaleSliderWidth&quot;:1280,&quot;autoScaleSliderHeight&quot;:853}'><\/div><\/div><\/div><\/div><\/div><div class=\"vc_col-sm-6 wpb_column vc_column_container\"><div class=\"vc_column-inner us_custom_7e20fa79 us_animate_this\"><div class=\"wpb_wrapper\"><div class=\"w-separator size_small\"><\/div><div class=\"w-text us_custom_a6f0fd7f\"><span class=\"w-text-h\"><span class=\"w-text-value\">Appartement im Erdgeschoss Nr. 29<\/span><\/span><\/div><div class=\"w-separator size_small\"><\/div><div class=\"w-text icon_atleft\"><span class=\"w-text-h\"><i class=\"far fa-expand-arrows\"><\/i><span class=\"w-text-value\">Zweizimmerwohnung &#8211; MAX 4 G\u00e4ste<\/span><\/span><\/div><div class=\"w-separator us_custom_68905004 size_custom with_line width_30 thick_2 style_solid color_text align_left\" style=\"height:10px\"><div class=\"w-separator-h\"><\/div><\/div><div class=\"wpb_text_column us_custom_d77bca1a us_animate_this\"><div class=\"wpb_wrapper\"><p>Zweizimmerwohnung mit K\u00fcche \/ Wohnzimmer, 1 Schlafcouch, 1 Doppelzimmer, Badezimmer mit Dusche, reservierter Parkplatz.Mit Geschirr, Geschirrt\u00fcchern, WLAN, Herd, Mikrowelle, Wasserkocher, K\u00fchlschrank mit Gefrierfach und Haartrockner.<\/p>\n<p>Waschmaschine, W\u00e4schetrockner und Terrasse mit Au\u00dfentisch mit <b>gemeinsamer Nutzung<\/b>.<br \/>\n<b>Auf Anfrage<\/b> Kinderbett und Kinderhochstuhl<\/p>\n<\/div><\/div><div class=\"w-separator size_small\"><\/div><div class=\"w-hwrapper us_custom_d77bca1a us_animate_this valign_top stack_on_mobiles align_none\" style=\"--hwrapper-gap:0.8rem\"><div class=\"w-btn-wrapper default_align_none laptops_align_none tablets_align_none mobiles_align_justify\"><a class=\"w-btn us-btn-style_1\" href=\"https:\/\/booking.slope.it\/4fb5c1a3-958e-4f27-9289-22307eb71360\/quote-request\"><span class=\"w-btn-label\">Anfrage<\/span><\/a><\/div><div class=\"w-btn-wrapper default_align_none laptops_align_none tablets_align_none mobiles_align_justify\"><a class=\"w-btn us-btn-style_3\" target=\"_blank\" href=\"https:\/\/booking.slope.it\/4fb5c1a3-958e-4f27-9289-22307eb71360\"><span class=\"w-btn-label\">Verf\u00fcgbarkeit pr\u00fcfen<\/span><\/a><\/div><div class=\"w-popup us_custom_782ac9de w-btn-wrapper default_align_none laptops_align_none tablets_align_none mobiles_align_justify\"><button type=\"button\" aria-label=\"Details\" class=\"w-popup-trigger type_btn w-btn us-btn-style_7\"><span class=\"w-btn-label\">Details<\/span><\/button><div class=\"w-popup-overlay\" style=\"background:rgba(86,102,122,0.85);\"><\/div><div class=\"w-popup-wrap layout_default\" role=\"dialog\" aria-modal=\"true\" aria-label=\"Details\" style=\"--title-color:var(--color-content-heading);--title-bg-color:#ffffff;--content-color:var(--color-content-text);--content-bg-color:var(--color-content-bg);--closer-color:var(--color-content-heading);--popup-border-radius:8px;--popup-width:700px;--popup-padding:5%;\"><div class=\"w-popup-box animation_slideBottom closerpos_inside with_title\"><div class=\"w-popup-box-h\"><button aria-label=\"Schlie\u00dfen\" class=\"w-popup-closer\" type=\"button\"><\/button><div class=\"w-popup-box-title\">Details<\/div><div class=\"w-popup-box-content\"><p><b>Check-in<\/b> von 14:00 bis 22:00<br \/>\n<b>Check-out<\/b> bis sp\u00e4testens 10:00 Uhr<\/p>\n<p>Kurtaxe 1,50 \u20ac pro Nacht und Person<\/p>\n<p><b>Vertragspartner:<\/b><br \/>\n&#8211; Auf Anfrage Fr\u00fchst\u00fcck im Hotel Martinelli.<br \/>\n&#8211; Garda Guest Card<\/p>\n<\/div><\/div><\/div><\/div><\/div><\/div><div class=\"w-separator size_small\"><\/div><\/div><\/div><\/div><\/div><\/div><\/section><section class=\"l-section wpb_row height_auto\"><div class=\"l-section-h i-cf\"><div class=\"g-cols vc_row via_flex valign_middle type_default stacking_default\"><div class=\"vc_col-sm-6 wpb_column vc_column_container stretched\"><div class=\"vc_column-inner\"><div class=\"wpb_wrapper\"><div class=\"w-slider style_none fit_contain nav_none count_7\"><div class=\"w-slider-h\"><div class=\"royalSlider\"><div class=\"rsContent\"><a class=\"rsImg\" data-rsw=\"1280\" data-rsh=\"853\" data-rsBigImg=\"https:\/\/hotelmartinelli.it\/wp-content\/uploads\/2024\/02\/IMG_1106.jpg\" href=\"https:\/\/hotelmartinelli.it\/wp-content\/uploads\/2024\/02\/IMG_1106-1280x853.jpg\"><span data-alt=\"\"><\/span><\/a><\/div><div class=\"rsContent\"><a class=\"rsImg\" data-rsw=\"1280\" data-rsh=\"853\" data-rsBigImg=\"https:\/\/hotelmartinelli.it\/wp-content\/uploads\/2024\/02\/IMG_1097.jpg\" href=\"https:\/\/hotelmartinelli.it\/wp-content\/uploads\/2024\/02\/IMG_1097-1280x853.jpg\"><span data-alt=\"\"><\/span><\/a><\/div><div class=\"rsContent\"><a class=\"rsImg\" data-rsw=\"1280\" data-rsh=\"853\" data-rsBigImg=\"https:\/\/hotelmartinelli.it\/wp-content\/uploads\/2024\/02\/IMG_1091.jpg\" href=\"https:\/\/hotelmartinelli.it\/wp-content\/uploads\/2024\/02\/IMG_1091-1280x853.jpg\"><span data-alt=\"\"><\/span><\/a><\/div><div class=\"rsContent\"><a class=\"rsImg\" data-rsw=\"1280\" data-rsh=\"853\" data-rsBigImg=\"https:\/\/hotelmartinelli.it\/wp-content\/uploads\/2024\/02\/IMG_1115.jpg\" href=\"https:\/\/hotelmartinelli.it\/wp-content\/uploads\/2024\/02\/IMG_1115-1280x853.jpg\"><span data-alt=\"\"><\/span><\/a><\/div><div class=\"rsContent\"><a class=\"rsImg\" data-rsw=\"1280\" data-rsh=\"853\" data-rsBigImg=\"https:\/\/hotelmartinelli.it\/wp-content\/uploads\/2024\/02\/IMG_1117.jpg\" href=\"https:\/\/hotelmartinelli.it\/wp-content\/uploads\/2024\/02\/IMG_1117-1280x853.jpg\"><span data-alt=\"\"><\/span><\/a><\/div><div class=\"rsContent\"><a class=\"rsImg\" data-rsw=\"1280\" data-rsh=\"853\" data-rsBigImg=\"https:\/\/hotelmartinelli.it\/wp-content\/uploads\/2024\/02\/IMG_1086.jpg\" href=\"https:\/\/hotelmartinelli.it\/wp-content\/uploads\/2024\/02\/IMG_1086-1280x853.jpg\"><span data-alt=\"\"><\/span><\/a><\/div><div class=\"rsContent\"><a class=\"rsImg\" data-rsw=\"1280\" data-rsh=\"853\" data-rsBigImg=\"https:\/\/hotelmartinelli.it\/wp-content\/uploads\/2024\/02\/IMG_1072.jpg\" href=\"https:\/\/hotelmartinelli.it\/wp-content\/uploads\/2024\/02\/IMG_1072-1280x853.jpg\"><span data-alt=\"\"><\/span><\/a><\/div><\/div><img decoding=\"async\" src=\"https:\/\/hotelmartinelli.it\/wp-content\/uploads\/2024\/02\/IMG_1106-1280x853.jpg\" width=\"1280\" height=\"853\" alt loading=\"lazy\"><\/div><div class=\"w-slider-json\" onclick='return {&quot;autoScaleSlider&quot;:true,&quot;addActiveClass&quot;:true,&quot;loop&quot;:true,&quot;fadeInLoadedSlide&quot;:false,&quot;slidesSpacing&quot;:0,&quot;imageScalePadding&quot;:0,&quot;numImagesToPreload&quot;:2,&quot;arrowsNav&quot;:true,&quot;arrowsNavAutoHide&quot;:false,&quot;transitionType&quot;:&quot;fade&quot;,&quot;transitionSpeed&quot;:600,&quot;block&quot;:{&quot;moveEffect&quot;:&quot;none&quot;,&quot;speed&quot;:300},&quot;thumbs&quot;:{&quot;fitInViewport&quot;:false,&quot;firstMargin&quot;:false,&quot;spacing&quot;:4},&quot;controlNavigation&quot;:&quot;none&quot;,&quot;fullscreen&quot;:{&quot;enabled&quot;:true},&quot;autoScaleSliderWidth&quot;:1280,&quot;autoScaleSliderHeight&quot;:853}'><\/div><\/div><\/div><\/div><\/div><div class=\"vc_col-sm-6 wpb_column vc_column_container\"><div class=\"vc_column-inner us_custom_7e20fa79 us_animate_this\"><div class=\"wpb_wrapper\"><div class=\"w-separator size_small\"><\/div><div class=\"w-text us_custom_a6f0fd7f\"><span class=\"w-text-h\"><span class=\"w-text-value\">Appartement im ersten Stockwerk Nr. 27<\/span><\/span><\/div><div class=\"w-separator size_small\"><\/div><div class=\"w-text icon_atleft\"><span class=\"w-text-h\"><i class=\"far fa-expand-arrows\"><\/i><span class=\"w-text-value\">Zweizimmerwohnung &#8211; MAX 4 G\u00e4ste<\/span><\/span><\/div><div class=\"w-separator us_custom_68905004 size_custom with_line width_30 thick_2 style_solid color_text align_left\" style=\"height:10px\"><div class=\"w-separator-h\"><\/div><\/div><div class=\"wpb_text_column us_custom_d77bca1a us_animate_this\"><div class=\"wpb_wrapper\"><p>Zweizimmerwohnung mit K\u00fcche \/ Wohnzimmer, 1 Schlafcouch, 1 Doppelzimmer, Badezimmer mit Dusche, reservierter Parkplatz. Mit Bettw\u00e4sche, Handt\u00fcchern, Geschirr, Geschirrt\u00fcchern, WLAN, Herd, Mikrowelle, Wasserkocher, K\u00fchlschrank mit Gefrierfach und Haartrockner.<\/p>\n<p>Waschmaschine, W\u00e4schetrockner und Terrasse mit Au\u00dfentisch mit <b>gemeinsamer Nutzung<\/b>.<br \/>\n<b>Auf Anfrage<\/b> Kinderbett und Kinderhochstuhl<\/p>\n<\/div><\/div><div class=\"w-separator size_small\"><\/div><div class=\"w-hwrapper us_custom_d77bca1a us_animate_this valign_top stack_on_mobiles align_none\" style=\"--hwrapper-gap:0.8rem\"><div class=\"w-btn-wrapper default_align_none laptops_align_none tablets_align_none mobiles_align_justify\"><a class=\"w-btn us-btn-style_1\" href=\"https:\/\/booking.slope.it\/4fb5c1a3-958e-4f27-9289-22307eb71360\/quote-request\"><span class=\"w-btn-label\">Anfrage<\/span><\/a><\/div><div class=\"w-btn-wrapper default_align_none laptops_align_none tablets_align_none mobiles_align_justify\"><a class=\"w-btn us-btn-style_3\" target=\"_blank\" href=\"https:\/\/booking.slope.it\/4fb5c1a3-958e-4f27-9289-22307eb71360\"><span class=\"w-btn-label\">Verf\u00fcgbarkeit pr\u00fcfen<\/span><\/a><\/div><div class=\"w-popup us_custom_782ac9de w-btn-wrapper default_align_none laptops_align_none tablets_align_none mobiles_align_justify\"><button type=\"button\" aria-label=\"Details\" class=\"w-popup-trigger type_btn w-btn us-btn-style_7\"><span class=\"w-btn-label\">Details<\/span><\/button><div class=\"w-popup-overlay\" style=\"background:rgba(86,102,122,0.85);\"><\/div><div class=\"w-popup-wrap layout_default\" role=\"dialog\" aria-modal=\"true\" aria-label=\"Details\" style=\"--title-color:var(--color-content-heading);--title-bg-color:#ffffff;--content-color:var(--color-content-text);--content-bg-color:var(--color-content-bg);--closer-color:var(--color-content-heading);--popup-border-radius:8px;--popup-width:700px;--popup-padding:5%;\"><div class=\"w-popup-box animation_slideBottom closerpos_inside with_title\"><div class=\"w-popup-box-h\"><button aria-label=\"Schlie\u00dfen\" class=\"w-popup-closer\" type=\"button\"><\/button><div class=\"w-popup-box-title\">Details<\/div><div class=\"w-popup-box-content\"><p><b>Check-in<\/b> von 14:00 bis 22:00<br \/>\n<b>Check-out<\/b> bis sp\u00e4testens 10:00 Uhr<\/p>\n<p>Kurtaxe 1,50 \u20ac pro Nacht und Person<\/p>\n<p><b>Vertragspartner:<\/b><br \/>\n&#8211; Auf Anfrage Fr\u00fchst\u00fcck im Hotel Martinelli.<br \/>\n&#8211; Garda Guest Card<\/p>\n<\/div><\/div><\/div><\/div><\/div><\/div><div class=\"w-separator size_small\"><\/div><\/div><\/div><\/div><\/div><\/div><\/section><section class=\"l-section wpb_row height_medium\"><div class=\"l-section-h i-cf\"><div class=\"g-cols vc_row via_flex valign_top type_default stacking_default\"><div class=\"vc_col-sm-12 wpb_column vc_column_container\"><div class=\"vc_column-inner\"><div class=\"wpb_wrapper\"><div class=\"w-separator size_small\"><\/div><\/div><\/div><\/div><\/div><\/div><\/section>\n","protected":false},"excerpt":{"rendered":"Unsere Appartements Wir verf\u00fcgen auch \u00fcber elegante Zweizimmerwohnungen in einem vom Hotel getrennten Haus \u2013 perfekt f\u00fcr den Aufenthalt einer Familie. Jedes Appartement bietet Platz f\u00fcr vier Personen. Die Architektur des Hauses spiegelt die typische Trentiner Architektur mit modernem Touch wider. Das Guest House France liegt nur einen Katzensprung vom Hotel entfernt und bietet folgende...","protected":false},"author":2,"featured_media":2982,"parent":0,"menu_order":0,"comment_status":"closed","ping_status":"closed","template":"","meta":{"_acf_changed":false,"inline_featured_image":false,"footnotes":""},"class_list":["post-3433","page","type-page","status-publish","has-post-thumbnail","hentry"],"acf":[],"yoast_head":"<!-- This site is optimized with the Yoast SEO plugin v27.4 - https:\/\/yoast.com\/product\/yoast-seo-wordpress\/ -->\n<title>Appartements - Hotel Martinelli<\/title>\n<meta name=\"robots\" content=\"index, follow, max-snippet:-1, max-image-preview:large, max-video-preview:-1\" \/>\n<link rel=\"canonical\" href=\"https:\/\/hotelmartinelli.it\/de\/appartements\/\" \/>\n<meta property=\"og:locale\" content=\"de_DE\" \/>\n<meta property=\"og:type\" content=\"article\" \/>\n<meta property=\"og:title\" content=\"Appartements - Hotel Martinelli\" \/>\n<meta property=\"og:url\" content=\"https:\/\/hotelmartinelli.it\/de\/appartements\/\" \/>\n<meta property=\"og:site_name\" content=\"Hotel Martinelli\" \/>\n<meta property=\"article:publisher\" content=\"https:\/\/www.facebook.com\/HotelMartinelli\" \/>\n<meta property=\"article:modified_time\" content=\"2025-02-03T09:52:36+00:00\" \/>\n<meta property=\"og:image\" content=\"https:\/\/hotelmartinelli.it\/wp-content\/uploads\/2024\/02\/IMG_1106.jpg\" \/>\n\t<meta property=\"og:image:width\" content=\"1920\" \/>\n\t<meta property=\"og:image:height\" content=\"1280\" \/>\n\t<meta property=\"og:image:type\" content=\"image\/jpeg\" \/>\n<meta name=\"twitter:card\" content=\"summary_large_image\" \/>\n<meta name=\"twitter:label1\" content=\"Gesch\u00e4tzte Lesezeit\" \/>\n\t<meta name=\"twitter:data1\" content=\"3\u00a0Minuten\" \/>\n<script type=\"application\/ld+json\" class=\"yoast-schema-graph\">{\"@context\":\"https:\\\/\\\/schema.org\",\"@graph\":[{\"@type\":\"WebPage\",\"@id\":\"https:\\\/\\\/hotelmartinelli.it\\\/de\\\/appartements\\\/\",\"url\":\"https:\\\/\\\/hotelmartinelli.it\\\/de\\\/appartements\\\/\",\"name\":\"Appartements - Hotel Martinelli\",\"isPartOf\":{\"@id\":\"https:\\\/\\\/hotelmartinelli.it\\\/#website\"},\"primaryImageOfPage\":{\"@id\":\"https:\\\/\\\/hotelmartinelli.it\\\/de\\\/appartements\\\/#primaryimage\"},\"image\":{\"@id\":\"https:\\\/\\\/hotelmartinelli.it\\\/de\\\/appartements\\\/#primaryimage\"},\"thumbnailUrl\":\"https:\\\/\\\/hotelmartinelli.it\\\/wp-content\\\/uploads\\\/2024\\\/02\\\/IMG_1106.jpg\",\"datePublished\":\"2024-03-06T08:47:02+00:00\",\"dateModified\":\"2025-02-03T09:52:36+00:00\",\"breadcrumb\":{\"@id\":\"https:\\\/\\\/hotelmartinelli.it\\\/de\\\/appartements\\\/#breadcrumb\"},\"inLanguage\":\"de\",\"potentialAction\":[{\"@type\":\"ReadAction\",\"target\":[\"https:\\\/\\\/hotelmartinelli.it\\\/de\\\/appartements\\\/\"]}]},{\"@type\":\"ImageObject\",\"inLanguage\":\"de\",\"@id\":\"https:\\\/\\\/hotelmartinelli.it\\\/de\\\/appartements\\\/#primaryimage\",\"url\":\"https:\\\/\\\/hotelmartinelli.it\\\/wp-content\\\/uploads\\\/2024\\\/02\\\/IMG_1106.jpg\",\"contentUrl\":\"https:\\\/\\\/hotelmartinelli.it\\\/wp-content\\\/uploads\\\/2024\\\/02\\\/IMG_1106.jpg\",\"width\":1920,\"height\":1280},{\"@type\":\"BreadcrumbList\",\"@id\":\"https:\\\/\\\/hotelmartinelli.it\\\/de\\\/appartements\\\/#breadcrumb\",\"itemListElement\":[{\"@type\":\"ListItem\",\"position\":1,\"name\":\"Home\",\"item\":\"https:\\\/\\\/hotelmartinelli.it\\\/de\\\/\"},{\"@type\":\"ListItem\",\"position\":2,\"name\":\"Appartements\"}]},{\"@type\":\"WebSite\",\"@id\":\"https:\\\/\\\/hotelmartinelli.it\\\/#website\",\"url\":\"https:\\\/\\\/hotelmartinelli.it\\\/\",\"name\":\"Hotel Martinelli\",\"description\":\"\",\"publisher\":{\"@id\":\"https:\\\/\\\/hotelmartinelli.it\\\/#organization\"},\"potentialAction\":[{\"@type\":\"SearchAction\",\"target\":{\"@type\":\"EntryPoint\",\"urlTemplate\":\"https:\\\/\\\/hotelmartinelli.it\\\/?s={search_term_string}\"},\"query-input\":{\"@type\":\"PropertyValueSpecification\",\"valueRequired\":true,\"valueName\":\"search_term_string\"}}],\"inLanguage\":\"de\"},{\"@type\":\"Organization\",\"@id\":\"https:\\\/\\\/hotelmartinelli.it\\\/#organization\",\"name\":\"Hotel Martinelli\",\"url\":\"https:\\\/\\\/hotelmartinelli.it\\\/\",\"logo\":{\"@type\":\"ImageObject\",\"inLanguage\":\"de\",\"@id\":\"https:\\\/\\\/hotelmartinelli.it\\\/#\\\/schema\\\/logo\\\/image\\\/\",\"url\":\"https:\\\/\\\/hotelmartinelli.it\\\/wp-content\\\/uploads\\\/2024\\\/01\\\/logomartinelli-seo.png\",\"contentUrl\":\"https:\\\/\\\/hotelmartinelli.it\\\/wp-content\\\/uploads\\\/2024\\\/01\\\/logomartinelli-seo.png\",\"width\":391,\"height\":57,\"caption\":\"Hotel Martinelli\"},\"image\":{\"@id\":\"https:\\\/\\\/hotelmartinelli.it\\\/#\\\/schema\\\/logo\\\/image\\\/\"},\"sameAs\":[\"https:\\\/\\\/www.facebook.com\\\/HotelMartinelli\"]}]}<\/script>\n<!-- \/ Yoast SEO plugin. -->","yoast_head_json":{"title":"Appartements - Hotel Martinelli","robots":{"index":"index","follow":"follow","max-snippet":"max-snippet:-1","max-image-preview":"max-image-preview:large","max-video-preview":"max-video-preview:-1"},"canonical":"https:\/\/hotelmartinelli.it\/de\/appartements\/","og_locale":"de_DE","og_type":"article","og_title":"Appartements - Hotel Martinelli","og_url":"https:\/\/hotelmartinelli.it\/de\/appartements\/","og_site_name":"Hotel Martinelli","article_publisher":"https:\/\/www.facebook.com\/HotelMartinelli","article_modified_time":"2025-02-03T09:52:36+00:00","og_image":[{"width":1920,"height":1280,"url":"https:\/\/hotelmartinelli.it\/wp-content\/uploads\/2024\/02\/IMG_1106.jpg","type":"image\/jpeg"}],"twitter_card":"summary_large_image","twitter_misc":{"Gesch\u00e4tzte Lesezeit":"3\u00a0Minuten"},"schema":{"@context":"https:\/\/schema.org","@graph":[{"@type":"WebPage","@id":"https:\/\/hotelmartinelli.it\/de\/appartements\/","url":"https:\/\/hotelmartinelli.it\/de\/appartements\/","name":"Appartements - Hotel Martinelli","isPartOf":{"@id":"https:\/\/hotelmartinelli.it\/#website"},"primaryImageOfPage":{"@id":"https:\/\/hotelmartinelli.it\/de\/appartements\/#primaryimage"},"image":{"@id":"https:\/\/hotelmartinelli.it\/de\/appartements\/#primaryimage"},"thumbnailUrl":"https:\/\/hotelmartinelli.it\/wp-content\/uploads\/2024\/02\/IMG_1106.jpg","datePublished":"2024-03-06T08:47:02+00:00","dateModified":"2025-02-03T09:52:36+00:00","breadcrumb":{"@id":"https:\/\/hotelmartinelli.it\/de\/appartements\/#breadcrumb"},"inLanguage":"de","potentialAction":[{"@type":"ReadAction","target":["https:\/\/hotelmartinelli.it\/de\/appartements\/"]}]},{"@type":"ImageObject","inLanguage":"de","@id":"https:\/\/hotelmartinelli.it\/de\/appartements\/#primaryimage","url":"https:\/\/hotelmartinelli.it\/wp-content\/uploads\/2024\/02\/IMG_1106.jpg","contentUrl":"https:\/\/hotelmartinelli.it\/wp-content\/uploads\/2024\/02\/IMG_1106.jpg","width":1920,"height":1280},{"@type":"BreadcrumbList","@id":"https:\/\/hotelmartinelli.it\/de\/appartements\/#breadcrumb","itemListElement":[{"@type":"ListItem","position":1,"name":"Home","item":"https:\/\/hotelmartinelli.it\/de\/"},{"@type":"ListItem","position":2,"name":"Appartements"}]},{"@type":"WebSite","@id":"https:\/\/hotelmartinelli.it\/#website","url":"https:\/\/hotelmartinelli.it\/","name":"Hotel Martinelli","description":"","publisher":{"@id":"https:\/\/hotelmartinelli.it\/#organization"},"potentialAction":[{"@type":"SearchAction","target":{"@type":"EntryPoint","urlTemplate":"https:\/\/hotelmartinelli.it\/?s={search_term_string}"},"query-input":{"@type":"PropertyValueSpecification","valueRequired":true,"valueName":"search_term_string"}}],"inLanguage":"de"},{"@type":"Organization","@id":"https:\/\/hotelmartinelli.it\/#organization","name":"Hotel Martinelli","url":"https:\/\/hotelmartinelli.it\/","logo":{"@type":"ImageObject","inLanguage":"de","@id":"https:\/\/hotelmartinelli.it\/#\/schema\/logo\/image\/","url":"https:\/\/hotelmartinelli.it\/wp-content\/uploads\/2024\/01\/logomartinelli-seo.png","contentUrl":"https:\/\/hotelmartinelli.it\/wp-content\/uploads\/2024\/01\/logomartinelli-seo.png","width":391,"height":57,"caption":"Hotel Martinelli"},"image":{"@id":"https:\/\/hotelmartinelli.it\/#\/schema\/logo\/image\/"},"sameAs":["https:\/\/www.facebook.com\/HotelMartinelli"]}]}},"_links":{"self":[{"href":"https:\/\/hotelmartinelli.it\/de\/wp-json\/wp\/v2\/pages\/3433","targetHints":{"allow":["GET"]}}],"collection":[{"href":"https:\/\/hotelmartinelli.it\/de\/wp-json\/wp\/v2\/pages"}],"about":[{"href":"https:\/\/hotelmartinelli.it\/de\/wp-json\/wp\/v2\/types\/page"}],"author":[{"embeddable":true,"href":"https:\/\/hotelmartinelli.it\/de\/wp-json\/wp\/v2\/users\/2"}],"replies":[{"embeddable":true,"href":"https:\/\/hotelmartinelli.it\/de\/wp-json\/wp\/v2\/comments?post=3433"}],"version-history":[{"count":4,"href":"https:\/\/hotelmartinelli.it\/de\/wp-json\/wp\/v2\/pages\/3433\/revisions"}],"predecessor-version":[{"id":4500,"href":"https:\/\/hotelmartinelli.it\/de\/wp-json\/wp\/v2\/pages\/3433\/revisions\/4500"}],"wp:featuredmedia":[{"embeddable":true,"href":"https:\/\/hotelmartinelli.it\/de\/wp-json\/wp\/v2\/media\/2982"}],"wp:attachment":[{"href":"https:\/\/hotelmartinelli.it\/de\/wp-json\/wp\/v2\/media?parent=3433"}],"curies":[{"name":"wp","href":"https:\/\/api.w.org\/{rel}","templated":true}]}}