{"id":3423,"date":"2024-01-11T16:23:14","date_gmt":"2024-01-11T15:23:14","guid":{"rendered":"https:\/\/hotelmartinelli.it\/non-binding-enquiry\/"},"modified":"2024-04-18T10:37:41","modified_gmt":"2024-04-18T08:37:41","slug":"unverbindliche-anfrage","status":"publish","type":"page","link":"https:\/\/hotelmartinelli.it\/de\/unverbindliche-anfrage\/","title":{"rendered":"Unverbindliche Anfrage"},"content":{"rendered":"<section class=\"l-section wpb_row us_custom_c7da0138 height_medium with_img\"><div class=\"l-section-img\" role=\"img\" aria-label=\"Bild\" data-img-width=\"1920\" data-img-height=\"1279\" style=\"background-image: url(https:\/\/hotelmartinelli.it\/wp-content\/uploads\/2024\/01\/DJI_0933.jpg);background-repeat: no-repeat;\"><\/div><div class=\"l-section-overlay\" style=\"background:linear-gradient(180deg,rgba(0,0,0,0.00),rgba(0,0,0,0.25))\"><\/div><div class=\"l-section-h i-cf\"><div class=\"g-cols vc_row via_flex valign_bottom type_default stacking_default\"><div class=\"vc_col-sm-12 wpb_column vc_column_container\"><div class=\"vc_column-inner\"><div class=\"wpb_wrapper\"><div class=\"g-cols wpb_row via_flex valign_top type_default stacking_default\"><div class=\"vc_col-sm-8 wpb_column vc_column_container\"><div class=\"vc_column-inner\"><div class=\"wpb_wrapper\"><\/div><\/div><\/div><div class=\"vc_col-sm-4 wpb_column vc_column_container\"><div class=\"vc_column-inner\"><div class=\"wpb_wrapper\"><div class=\"w-vwrapper us_custom_ef23c712 us_animate_this align_none valign_top\"><div class=\"wpb_text_column\"><div class=\"wpb_wrapper\"><h4><b>Auf unserer Seite finden Sie immer den besten Preis!<\/b><\/h4>\n<\/div><\/div><div class=\"wpb_text_column\"><div class=\"wpb_wrapper\"><p>Die Tarife, die Sie auf unserer Seite sehen, sind bereits g\u00fcnstiger als jeder andere Buchungsdienst, wo Sie unsere Zimmer buchen k\u00f6nnen (booking.com, Expedia, usw.)<\/p>\n<\/div><\/div><div class=\"w-btn-wrapper align_none\"><a class=\"w-btn us-btn-style_3\" target=\"_blank\" href=\"https:\/\/www.ericsoft.biz\/it\/BookingEngine\/Book?idh=06CA6295FBB25BCB&amp;beta=true\"><span class=\"w-btn-label\">Verf\u00fcgbarkeit und Preise<\/span><\/a><\/div><\/div><\/div><\/div><\/div><\/div><\/div><\/div><\/div><\/div><\/div><\/section><section class=\"l-section wpb_row us_custom_60e9caca us_animate_this height_medium\"><div class=\"l-section-h i-cf\"><div class=\"g-cols vc_row via_flex valign_top type_default stacking_default\"><div class=\"vc_col-sm-12 wpb_column vc_column_container\"><div class=\"vc_column-inner\"><div class=\"wpb_wrapper\"><div class=\"w-separator size_large\"><\/div><h1 class=\"w-text us_custom_eb849559\"><span class=\"w-text-h\"><span class=\"w-text-value\">Unverbindliche Anfrage<\/span><\/span><\/h1><h5 class=\"w-text us_custom_eb849559\"><span class=\"w-text-h\"><span class=\"w-text-value\">FORDERN SIE DAS BESTE ANGEBOT AN, INDEM SIE DAS UNTENSTEHENDE FORMULAR AUSF\u00dcLLEN<\/span><\/span><\/h5><div class=\"w-separator size_medium\"><\/div>[vc_raw_html css=&#8220;&#8220;]JTVCY29udGFjdC1mb3JtLTclMjBpZCUzRCUyMjkyNDM4MmYlMjIlMjB0aXRsZSUzRCUyMlJpY2hpZXN0YSUyMERFJTIyJTIwaHRtbF9pZCUzRCUyMmNmN19mb3JtJTIyJTVE[\/vc_raw_html]<\/div><\/div><\/div><\/div><\/div><\/section>\n","protected":false},"excerpt":{"rendered":"Auf unserer Seite finden Sie immer den besten Preis! Die Tarife, die Sie auf unserer Seite sehen, sind bereits g\u00fcnstiger als jeder andere Buchungsdienst, wo Sie unsere Zimmer buchen k\u00f6nnen (booking.com, Expedia, usw.) Verf\u00fcgbarkeit und PreiseUnverbindliche AnfrageFORDERN SIE DAS BESTE ANGEBOT AN, INDEM SIE DAS UNTENSTEHENDE FORMULAR AUSF\u00dcLLEN[vc_raw_html css=\"\"]JTVCY29udGFjdC1mb3JtLTclMjBpZCUzRCUyMjkyNDM4MmYlMjIlMjB0aXRsZSUzRCUyMlJpY2hpZXN0YSUyMERFJTIyJTIwaHRtbF9pZCUzRCUyMmNmN19mb3JtJTIyJTVE[\/vc_raw_html]","protected":false},"author":1,"featured_media":2181,"parent":0,"menu_order":0,"comment_status":"closed","ping_status":"closed","template":"","meta":{"_acf_changed":false,"inline_featured_image":false,"footnotes":""},"class_list":["post-3423","page","type-page","status-publish","has-post-thumbnail","hentry"],"acf":[],"yoast_head":"<!-- This site is optimized with the Yoast SEO plugin v27.4 - https:\/\/yoast.com\/product\/yoast-seo-wordpress\/ -->\n<title>Richiesta Preventivo Hotel Martinelli<\/title>\n<meta name=\"description\" content=\"RICHIEDI LA MIGLIORE OFFERTA COMPILANDO IL MODULO\" \/>\n<meta name=\"robots\" content=\"index, follow, max-snippet:-1, max-image-preview:large, max-video-preview:-1\" \/>\n<link rel=\"canonical\" href=\"https:\/\/hotelmartinelli.it\/de\/unverbindliche-anfrage\/\" \/>\n<meta property=\"og:locale\" content=\"de_DE\" \/>\n<meta property=\"og:type\" content=\"article\" \/>\n<meta property=\"og:title\" content=\"Richiesta Preventivo Hotel Martinelli\" \/>\n<meta property=\"og:description\" content=\"RICHIEDI LA MIGLIORE OFFERTA COMPILANDO IL MODULO\" \/>\n<meta property=\"og:url\" content=\"https:\/\/hotelmartinelli.it\/de\/unverbindliche-anfrage\/\" \/>\n<meta property=\"og:site_name\" content=\"Hotel Martinelli\" \/>\n<meta property=\"article:publisher\" content=\"https:\/\/www.facebook.com\/HotelMartinelli\" \/>\n<meta property=\"article:modified_time\" content=\"2024-04-18T08:37:41+00:00\" \/>\n<meta property=\"og:image\" content=\"https:\/\/hotelmartinelli.it\/wp-content\/uploads\/2024\/01\/DJI_0933.jpg\" \/>\n\t<meta property=\"og:image:width\" content=\"1920\" \/>\n\t<meta property=\"og:image:height\" content=\"1279\" \/>\n\t<meta property=\"og:image:type\" content=\"image\/jpeg\" \/>\n<meta name=\"twitter:card\" content=\"summary_large_image\" \/>\n<meta name=\"twitter:label1\" content=\"Gesch\u00e4tzte Lesezeit\" \/>\n\t<meta name=\"twitter:data1\" content=\"1\u00a0Minute\" \/>\n<script type=\"application\/ld+json\" class=\"yoast-schema-graph\">{\"@context\":\"https:\\\/\\\/schema.org\",\"@graph\":[{\"@type\":\"WebPage\",\"@id\":\"https:\\\/\\\/hotelmartinelli.it\\\/de\\\/unverbindliche-anfrage\\\/\",\"url\":\"https:\\\/\\\/hotelmartinelli.it\\\/de\\\/unverbindliche-anfrage\\\/\",\"name\":\"Richiesta Preventivo Hotel Martinelli\",\"isPartOf\":{\"@id\":\"https:\\\/\\\/hotelmartinelli.it\\\/#website\"},\"primaryImageOfPage\":{\"@id\":\"https:\\\/\\\/hotelmartinelli.it\\\/de\\\/unverbindliche-anfrage\\\/#primaryimage\"},\"image\":{\"@id\":\"https:\\\/\\\/hotelmartinelli.it\\\/de\\\/unverbindliche-anfrage\\\/#primaryimage\"},\"thumbnailUrl\":\"https:\\\/\\\/hotelmartinelli.it\\\/wp-content\\\/uploads\\\/2024\\\/01\\\/DJI_0933.jpg\",\"datePublished\":\"2024-01-11T15:23:14+00:00\",\"dateModified\":\"2024-04-18T08:37:41+00:00\",\"description\":\"RICHIEDI LA MIGLIORE OFFERTA COMPILANDO IL MODULO\",\"breadcrumb\":{\"@id\":\"https:\\\/\\\/hotelmartinelli.it\\\/de\\\/unverbindliche-anfrage\\\/#breadcrumb\"},\"inLanguage\":\"de\",\"potentialAction\":[{\"@type\":\"ReadAction\",\"target\":[\"https:\\\/\\\/hotelmartinelli.it\\\/de\\\/unverbindliche-anfrage\\\/\"]}]},{\"@type\":\"ImageObject\",\"inLanguage\":\"de\",\"@id\":\"https:\\\/\\\/hotelmartinelli.it\\\/de\\\/unverbindliche-anfrage\\\/#primaryimage\",\"url\":\"https:\\\/\\\/hotelmartinelli.it\\\/wp-content\\\/uploads\\\/2024\\\/01\\\/DJI_0933.jpg\",\"contentUrl\":\"https:\\\/\\\/hotelmartinelli.it\\\/wp-content\\\/uploads\\\/2024\\\/01\\\/DJI_0933.jpg\",\"width\":1920,\"height\":1279},{\"@type\":\"BreadcrumbList\",\"@id\":\"https:\\\/\\\/hotelmartinelli.it\\\/de\\\/unverbindliche-anfrage\\\/#breadcrumb\",\"itemListElement\":[{\"@type\":\"ListItem\",\"position\":1,\"name\":\"Home\",\"item\":\"https:\\\/\\\/hotelmartinelli.it\\\/de\\\/\"},{\"@type\":\"ListItem\",\"position\":2,\"name\":\"Unverbindliche Anfrage\"}]},{\"@type\":\"WebSite\",\"@id\":\"https:\\\/\\\/hotelmartinelli.it\\\/#website\",\"url\":\"https:\\\/\\\/hotelmartinelli.it\\\/\",\"name\":\"Hotel Martinelli\",\"description\":\"\",\"publisher\":{\"@id\":\"https:\\\/\\\/hotelmartinelli.it\\\/#organization\"},\"potentialAction\":[{\"@type\":\"SearchAction\",\"target\":{\"@type\":\"EntryPoint\",\"urlTemplate\":\"https:\\\/\\\/hotelmartinelli.it\\\/?s={search_term_string}\"},\"query-input\":{\"@type\":\"PropertyValueSpecification\",\"valueRequired\":true,\"valueName\":\"search_term_string\"}}],\"inLanguage\":\"de\"},{\"@type\":\"Organization\",\"@id\":\"https:\\\/\\\/hotelmartinelli.it\\\/#organization\",\"name\":\"Hotel Martinelli\",\"url\":\"https:\\\/\\\/hotelmartinelli.it\\\/\",\"logo\":{\"@type\":\"ImageObject\",\"inLanguage\":\"de\",\"@id\":\"https:\\\/\\\/hotelmartinelli.it\\\/#\\\/schema\\\/logo\\\/image\\\/\",\"url\":\"https:\\\/\\\/hotelmartinelli.it\\\/wp-content\\\/uploads\\\/2024\\\/01\\\/logomartinelli-seo.png\",\"contentUrl\":\"https:\\\/\\\/hotelmartinelli.it\\\/wp-content\\\/uploads\\\/2024\\\/01\\\/logomartinelli-seo.png\",\"width\":391,\"height\":57,\"caption\":\"Hotel Martinelli\"},\"image\":{\"@id\":\"https:\\\/\\\/hotelmartinelli.it\\\/#\\\/schema\\\/logo\\\/image\\\/\"},\"sameAs\":[\"https:\\\/\\\/www.facebook.com\\\/HotelMartinelli\"]}]}<\/script>\n<!-- \/ Yoast SEO plugin. -->","yoast_head_json":{"title":"Richiesta Preventivo Hotel Martinelli","description":"RICHIEDI LA MIGLIORE OFFERTA COMPILANDO IL MODULO","robots":{"index":"index","follow":"follow","max-snippet":"max-snippet:-1","max-image-preview":"max-image-preview:large","max-video-preview":"max-video-preview:-1"},"canonical":"https:\/\/hotelmartinelli.it\/de\/unverbindliche-anfrage\/","og_locale":"de_DE","og_type":"article","og_title":"Richiesta Preventivo Hotel Martinelli","og_description":"RICHIEDI LA MIGLIORE OFFERTA COMPILANDO IL MODULO","og_url":"https:\/\/hotelmartinelli.it\/de\/unverbindliche-anfrage\/","og_site_name":"Hotel Martinelli","article_publisher":"https:\/\/www.facebook.com\/HotelMartinelli","article_modified_time":"2024-04-18T08:37:41+00:00","og_image":[{"width":1920,"height":1279,"url":"https:\/\/hotelmartinelli.it\/wp-content\/uploads\/2024\/01\/DJI_0933.jpg","type":"image\/jpeg"}],"twitter_card":"summary_large_image","twitter_misc":{"Gesch\u00e4tzte Lesezeit":"1\u00a0Minute"},"schema":{"@context":"https:\/\/schema.org","@graph":[{"@type":"WebPage","@id":"https:\/\/hotelmartinelli.it\/de\/unverbindliche-anfrage\/","url":"https:\/\/hotelmartinelli.it\/de\/unverbindliche-anfrage\/","name":"Richiesta Preventivo Hotel Martinelli","isPartOf":{"@id":"https:\/\/hotelmartinelli.it\/#website"},"primaryImageOfPage":{"@id":"https:\/\/hotelmartinelli.it\/de\/unverbindliche-anfrage\/#primaryimage"},"image":{"@id":"https:\/\/hotelmartinelli.it\/de\/unverbindliche-anfrage\/#primaryimage"},"thumbnailUrl":"https:\/\/hotelmartinelli.it\/wp-content\/uploads\/2024\/01\/DJI_0933.jpg","datePublished":"2024-01-11T15:23:14+00:00","dateModified":"2024-04-18T08:37:41+00:00","description":"RICHIEDI LA MIGLIORE OFFERTA COMPILANDO IL MODULO","breadcrumb":{"@id":"https:\/\/hotelmartinelli.it\/de\/unverbindliche-anfrage\/#breadcrumb"},"inLanguage":"de","potentialAction":[{"@type":"ReadAction","target":["https:\/\/hotelmartinelli.it\/de\/unverbindliche-anfrage\/"]}]},{"@type":"ImageObject","inLanguage":"de","@id":"https:\/\/hotelmartinelli.it\/de\/unverbindliche-anfrage\/#primaryimage","url":"https:\/\/hotelmartinelli.it\/wp-content\/uploads\/2024\/01\/DJI_0933.jpg","contentUrl":"https:\/\/hotelmartinelli.it\/wp-content\/uploads\/2024\/01\/DJI_0933.jpg","width":1920,"height":1279},{"@type":"BreadcrumbList","@id":"https:\/\/hotelmartinelli.it\/de\/unverbindliche-anfrage\/#breadcrumb","itemListElement":[{"@type":"ListItem","position":1,"name":"Home","item":"https:\/\/hotelmartinelli.it\/de\/"},{"@type":"ListItem","position":2,"name":"Unverbindliche Anfrage"}]},{"@type":"WebSite","@id":"https:\/\/hotelmartinelli.it\/#website","url":"https:\/\/hotelmartinelli.it\/","name":"Hotel Martinelli","description":"","publisher":{"@id":"https:\/\/hotelmartinelli.it\/#organization"},"potentialAction":[{"@type":"SearchAction","target":{"@type":"EntryPoint","urlTemplate":"https:\/\/hotelmartinelli.it\/?s={search_term_string}"},"query-input":{"@type":"PropertyValueSpecification","valueRequired":true,"valueName":"search_term_string"}}],"inLanguage":"de"},{"@type":"Organization","@id":"https:\/\/hotelmartinelli.it\/#organization","name":"Hotel Martinelli","url":"https:\/\/hotelmartinelli.it\/","logo":{"@type":"ImageObject","inLanguage":"de","@id":"https:\/\/hotelmartinelli.it\/#\/schema\/logo\/image\/","url":"https:\/\/hotelmartinelli.it\/wp-content\/uploads\/2024\/01\/logomartinelli-seo.png","contentUrl":"https:\/\/hotelmartinelli.it\/wp-content\/uploads\/2024\/01\/logomartinelli-seo.png","width":391,"height":57,"caption":"Hotel Martinelli"},"image":{"@id":"https:\/\/hotelmartinelli.it\/#\/schema\/logo\/image\/"},"sameAs":["https:\/\/www.facebook.com\/HotelMartinelli"]}]}},"_links":{"self":[{"href":"https:\/\/hotelmartinelli.it\/de\/wp-json\/wp\/v2\/pages\/3423","targetHints":{"allow":["GET"]}}],"collection":[{"href":"https:\/\/hotelmartinelli.it\/de\/wp-json\/wp\/v2\/pages"}],"about":[{"href":"https:\/\/hotelmartinelli.it\/de\/wp-json\/wp\/v2\/types\/page"}],"author":[{"embeddable":true,"href":"https:\/\/hotelmartinelli.it\/de\/wp-json\/wp\/v2\/users\/1"}],"replies":[{"embeddable":true,"href":"https:\/\/hotelmartinelli.it\/de\/wp-json\/wp\/v2\/comments?post=3423"}],"version-history":[{"count":3,"href":"https:\/\/hotelmartinelli.it\/de\/wp-json\/wp\/v2\/pages\/3423\/revisions"}],"predecessor-version":[{"id":3501,"href":"https:\/\/hotelmartinelli.it\/de\/wp-json\/wp\/v2\/pages\/3423\/revisions\/3501"}],"wp:featuredmedia":[{"embeddable":true,"href":"https:\/\/hotelmartinelli.it\/de\/wp-json\/wp\/v2\/media\/2181"}],"wp:attachment":[{"href":"https:\/\/hotelmartinelli.it\/de\/wp-json\/wp\/v2\/media?parent=3423"}],"curies":[{"name":"wp","href":"https:\/\/api.w.org\/{rel}","templated":true}]}}