{"id":3412,"date":"2024-01-11T16:22:50","date_gmt":"2024-01-11T15:22:50","guid":{"rendered":"https:\/\/hotelmartinelli.it\/vacanze-in-moto\/"},"modified":"2024-04-15T14:43:11","modified_gmt":"2024-04-15T12:43:11","slug":"urlaub-mit-dem-motorrad","status":"publish","type":"page","link":"https:\/\/hotelmartinelli.it\/de\/urlaub-mit-dem-motorrad\/","title":{"rendered":"Urlaub mit dem Motorrad"},"content":{"rendered":"<section class=\"l-section wpb_row us_custom_a394a746 height_medium with_img\"><div class=\"l-section-img\" role=\"img\" aria-label=\"Bild\" data-img-width=\"1920\" data-img-height=\"1281\" style=\"background-image: url(https:\/\/hotelmartinelli.it\/wp-content\/uploads\/2024\/01\/OND04421.jpg);background-repeat: no-repeat;\"><\/div><div class=\"l-section-overlay\" style=\"background:linear-gradient(180deg,rgba(0,0,0,0.00),rgba(0,0,0,0.25))\"><\/div><div class=\"l-section-h i-cf\"><div class=\"g-cols vc_row via_flex valign_bottom type_default stacking_default\"><div class=\"vc_col-sm-12 wpb_column vc_column_container\"><div class=\"vc_column-inner\"><div class=\"wpb_wrapper\"><\/div><\/div><\/div><\/div><\/div><\/section><section class=\"l-section wpb_row us_custom_f1b2dddf height_medium\"><div class=\"l-section-h i-cf\"><div class=\"g-cols vc_row via_flex valign_top type_default stacking_default\"><div class=\"vc_col-sm-12 wpb_column vc_column_container\"><div class=\"vc_column-inner\"><div class=\"wpb_wrapper\"><div class=\"w-separator size_small\"><\/div><h1 class=\"w-text us_custom_1500bfb1 us_animate_this\"><span class=\"w-text-h\"><span class=\"w-text-value\">Hotel f\u00fcr Motorradfahrer<\/span><\/span><\/h1><div class=\"w-separator hide_on_mobiles size_medium\"><\/div><div class=\"g-cols wpb_row us_custom_135ab3b3 via_flex valign_top type_default stacking_default\"><div class=\"vc_col-sm-5 wpb_column vc_column_container\"><div class=\"vc_column-inner\"><div class=\"wpb_wrapper\"><\/div><\/div><\/div><div class=\"vc_col-sm-7 wpb_column vc_column_container\"><div class=\"vc_column-inner\"><div class=\"wpb_wrapper\"><h3 class=\"w-text\"><span class=\"w-text-h\"><span class=\"w-text-value\">Hotel Martinelli, seit 50 Jahren im Herzen des Val di Gresta.<\/span><\/span><\/h3><div class=\"w-separator hide_on_default hide_on_laptops hide_on_tablets size_small\"><\/div><div class=\"wpb_text_column\"><div class=\"wpb_wrapper\"><p>Verbringen Sie einen unvergesslichen Urlaub im Trentino und logieren Sie in unserem Hotel f\u00fcr Motorradfahrer, dem idealen Ausgangspunkt f\u00fcr angenehme Motorradtouren dank seiner wunderbaren Lage nur wenige Kilometer vom Gardasee und von Rovereto entfernt. Tauchen Sie ein in die unber\u00fchrte Natur im Val di Gresta und lassen Sie sich von einer Abfolge von spektakul\u00e4ren Panoramablicken am Fu\u00dfe der Dolomiten \u00fcberraschen! Ihnen steht eine umfassende Auswahl an Touren zur Verf\u00fcgung: Entdecken Sie die von unserem Hotel empfohlenen Routen und erkunden Sie das Trentino, indem Sie mit Ihrem treuen Reisegef\u00e4hrt h\u00f6chst faszinierende Ziele wie Monte Baldo oder Gardasee erkunden. Au\u00dferdem bietet Ihnen das Hotel Martinelli exklusive Serviceleistungen f\u00fcr Motorradfahrer, um Ihnen hohe Qualit\u00e4tsstandards zu garantieren.<\/p>\n<\/div><\/div><\/div><\/div><\/div><\/div><\/div><\/div><\/div><\/div><\/div><\/section><section class=\"l-section wpb_row us_custom_d77bca1a us_animate_this height_medium\"><div class=\"l-section-h i-cf\"><div class=\"g-cols vc_row via_flex valign_top type_default stacking_default\"><div class=\"vc_col-sm-5 wpb_column vc_column_container\"><div class=\"vc_column-inner\"><div class=\"wpb_wrapper\"><\/div><\/div><\/div><div class=\"vc_col-sm-7 wpb_column vc_column_container\"><div class=\"vc_column-inner\"><div class=\"wpb_wrapper\"><h3 class=\"w-text\"><span class=\"w-text-h\"><span class=\"w-text-value\">Kostenlose Serviceleistungen<\/span><\/span><\/h3><div class=\"w-separator size_custom with_line width_default thick_2 style_solid color_border align_center\" style=\"height:\"><div class=\"w-separator-h\"><\/div><\/div><div class=\"w-separator size_small\"><\/div><div class=\"g-cols wpb_row via_flex valign_top type_default stacking_default\"><div class=\"vc_col-sm-6 wpb_column vc_column_container\"><div class=\"vc_column-inner\"><div class=\"wpb_wrapper\"><div class=\"wpb_text_column\"><div class=\"wpb_wrapper\"><ul class=\"fa-ul\">\n<li><i class=\"fas fa-check-circle\"><\/i>Motorrad-Parkplatz<\/li>\n<li><i class=\"fas fa-check-circle\"><\/i>Werkstatt-Ecke<\/li>\n<li><i class=\"fas fa-check-circle\"><\/i>Gep\u00e4ckaufbewahrung<\/li>\n<\/ul>\n<\/div><\/div><\/div><\/div><\/div><div class=\"vc_col-sm-6 wpb_column vc_column_container\"><div class=\"vc_column-inner us_custom_41f4d21f\"><div class=\"wpb_wrapper\"><div class=\"wpb_text_column\"><div class=\"wpb_wrapper\"><ul class=\"fa-ul\">\n<li><i class=\"fas fa-check-circle\"><\/i>Motorrad-Waschplatz und Helm<\/li>\n<li><i class=\"fas fa-check-circle\"><\/i>Waschk\u00fcche mit W\u00e4schetrockner<\/li>\n<\/ul>\n<\/div><\/div><\/div><\/div><\/div><\/div><\/div><\/div><\/div><\/div><\/div><\/section><section class=\"l-section wpb_row height_medium\"><div class=\"l-section-h i-cf\"><div class=\"g-cols vc_row via_flex valign_top type_default stacking_default\"><div class=\"vc_col-sm-12 wpb_column vc_column_container\"><div class=\"vc_column-inner\"><div class=\"wpb_wrapper\"><h2 class=\"w-text us_custom_8f7b07a9 us_animate_this\"><span class=\"w-text-h\"><span class=\"w-text-value\">Routen<\/span><\/span><\/h2><div class=\"w-separator size_medium\"><\/div><div class=\"w-grid us_carousel us_custom_b74f6679 us_animate_this type_carousel layout_711 preload_style_spinner\" id=\"us_grid_1\"><style>.layout_711 .w-grid-item-h{}.layout_711 .usg_hwrapper_1{color:var(--color-content-text)!important;margin-left:10%!important;padding-top:6%!important;padding-bottom:6%!important;background:var(--color-content-bg-alt)!important}.layout_711 .usg_post_image_1{width:50%!important;margin-left:-11%!important;margin-right:0!important}.layout_711 .usg_vwrapper_1{width:48%!important;margin-left:7%!important}.layout_711 .usg_post_title_1{line-height:1.2!important;font-weight:700!important}.layout_711 .usg_post_content_1{font-size:0.9rem!important}@media (min-width:1025px) and (max-width:1380px){.layout_711 .usg_post_content_1{font-size:0.9rem!important}}@media (min-width:601px) and (max-width:1024px){.layout_711 .usg_post_content_1{font-size:0.9rem!important}}@media (max-width:600px){.layout_711 .usg_hwrapper_1{margin-left:0!important;margin-right:0!important;padding-top:0!important;padding-bottom:0!important}.layout_711 .usg_post_image_1{width:100%!important;margin-left:0!important;margin-right:0!important}.layout_711 .usg_vwrapper_1{width:86%!important;margin:5% 7% 7% 7%!important}.layout_711 .usg_post_content_1{font-size:0.9rem!important;line-height:1.2!important}}<\/style><div class=\"w-grid-list owl-carousel valign_stretch dotstyle_circle navstyle_6 arrows-ver-pos_middle arrows-hor-pos_on_sides_outside arrows-disabled_hide owl-responsive-2000 with_dots with_arrows\" style=\"--transition-duration:350ms;--arrows-size:1.4rem;--arrows-hor-offset:calc(-40px + 0px);--arrows-gap:10px;\">\t<article class=\"w-grid-item post-3350 post type-post status-publish format-standard has-post-thumbnail hentry category-moto-de\" data-id=\"3350\">\r\n\t\t<div class=\"w-grid-item-h\">\r\n\t\t\t\t\t\t<div class=\"w-hwrapper usg_hwrapper_1 has_text_color valign_center wrap\"><div class=\"w-post-elm post_image usg_post_image_1 has_width has_ratio\"><img loading=\"lazy\" decoding=\"async\" width=\"1070\" height=\"607\" src=\"https:\/\/hotelmartinelli.it\/wp-content\/uploads\/2024\/01\/Lago-di-cei-foliage-iltrentinodeibambini-1070x607-1.jpg\" class=\"attachment-us_1280_853_crop size-us_1280_853_crop wp-post-image\" alt=\"\" \/><div style=\"padding-bottom:75%\"><\/div><\/div><div class=\"w-vwrapper usg_vwrapper_1\"><h4 class=\"w-post-elm post_title usg_post_title_1 entry-title color_link_inherit\">Lago di Cei<\/h4><div class=\"w-post-elm post_content usg_post_content_1 with_collapsible_content\" data-content-height=\"250px\"><div><p>F\u00fcr die dritte Route k\u00f6nnen Sie Ihren bevorzugten Ausgangspunkt w\u00e4hlen, um den malerischen Lago di Cei gegen\u00fcber dem Monte Bondone mit seinen \u201eTre Cime\u201c zu erreichen. Von hier aus k\u00f6nnen Sie auf Ihrem Motorrad entlang einer eindrucksvollen, von Buchen ges\u00e4umten Stra\u00dfe zur Malga Cimana fahren, wo Sie ein Bar-Restaurant in einem modern umgebauten Stall und ein wundervoller Blick auf Rovereto und das Vallagarina erwarten. Lassen Sie sich von der Sch\u00f6nheit von faszinierenden Orten wie Gardasee, Monte Baldo oder Lago di Cei erobern und sammeln Sie unvergessliche Erfahrungen \u201eOn the Road\u201c im Trentino!<\/p>\n<\/div><div class=\"toggle-links align_none\"><button class=\"collapsible-content-more\">Mehr anzeigen<\/button><button class=\"collapsible-content-less\">Weniger anzeigen<\/button><\/div><\/div><\/div><\/div>\t\t<\/div>\r\n\t\t\t<\/article>\r\n\t<article class=\"w-grid-item post-3356 post type-post status-publish format-standard has-post-thumbnail hentry category-moto-de\" data-id=\"3356\">\r\n\t\t<div class=\"w-grid-item-h\">\r\n\t\t\t\t\t\t<div class=\"w-hwrapper usg_hwrapper_1 has_text_color valign_center wrap\"><div class=\"w-post-elm post_image usg_post_image_1 has_width has_ratio\"><img loading=\"lazy\" decoding=\"async\" width=\"1200\" height=\"800\" src=\"https:\/\/hotelmartinelli.it\/wp-content\/uploads\/2024\/01\/rifugio-moto-trentino_003.jpg\" class=\"attachment-us_1280_853_crop size-us_1280_853_crop wp-post-image\" alt=\"\" \/><div style=\"padding-bottom:75%\"><\/div><\/div><div class=\"w-vwrapper usg_vwrapper_1\"><h4 class=\"w-post-elm post_title usg_post_title_1 entry-title color_link_inherit\">Monte Baldo<\/h4><div class=\"w-post-elm post_content usg_post_content_1 with_collapsible_content\" data-content-height=\"250px\"><div><p>Der Monte Baldo ist ein Ziel, das nicht so bekannt wie der ber\u00fchmte Gardasee, bei Zweirad-Fans aber ebenso beliebt ist: Fahren Sie bis auf 1.500 Meter H\u00f6he und bewundern Sie zauberhafte Bergpanoramen im Sattel Ihres Motorrads, w\u00e4hrend Sie ungest\u00f6rt in der unber\u00fchrten Natur des Trentino unterwegs sind! Die Route ist 155 km lang und l\u00e4sst sich in etwa 4-5 Stunden bew\u00e4ltigen.<\/p>\n<\/div><div class=\"toggle-links align_none\"><button class=\"collapsible-content-more\">Mehr anzeigen<\/button><button class=\"collapsible-content-less\">Weniger anzeigen<\/button><\/div><\/div><\/div><\/div>\t\t<\/div>\r\n\t\t\t<\/article>\r\n\t<article class=\"w-grid-item post-3362 post type-post status-publish format-standard has-post-thumbnail hentry category-moto-de\" data-id=\"3362\">\r\n\t\t<div class=\"w-grid-item-h\">\r\n\t\t\t\t\t\t<div class=\"w-hwrapper usg_hwrapper_1 has_text_color valign_center wrap\"><div class=\"w-post-elm post_image usg_post_image_1 has_width has_ratio\"><img loading=\"lazy\" decoding=\"async\" width=\"1280\" height=\"853\" src=\"https:\/\/hotelmartinelli.it\/wp-content\/uploads\/2024\/01\/lago-di-garda-zzfazer-1280x853.jpeg\" class=\"attachment-us_1280_853_crop size-us_1280_853_crop wp-post-image\" alt=\"\" \/><div style=\"padding-bottom:75%\"><\/div><\/div><div class=\"w-vwrapper usg_vwrapper_1\"><h4 class=\"w-post-elm post_title usg_post_title_1 entry-title color_link_inherit\">Tour um den Gardasee<\/h4><div class=\"w-post-elm post_content usg_post_content_1 with_collapsible_content\" data-content-height=\"250px\"><div><p>Die Tour rund um den Gardasee ist besonders bei Motorradfahrern beliebt und f\u00fchrt durch Nago-Torbole, Malcesine, Bardolino, Lazise und Sirmione, Toscolano-Maderno und Limone. Bewundern Sie w\u00e4hrend Ihrer Aufenthalte im Trentino zauberhafte Landschaften mit \u00fcppiger Vegetation und fahren Sie mit dem Motorrad auf der ber\u00fchmten Gardesana! F\u00fcr die 160 km lange Route brauchen Sie ca. vier Stunden, aber wir laden Sie dazu ein, die verschiedenen Altst\u00e4dte der Orte, auf die Sie unterwegs treffen, in Ruhe zu besichtigen.<\/p>\n<\/div><div class=\"toggle-links align_none\"><button class=\"collapsible-content-more\">Mehr anzeigen<\/button><button class=\"collapsible-content-less\">Weniger anzeigen<\/button><\/div><\/div><\/div><\/div>\t\t<\/div>\r\n\t\t\t<\/article>\r\n<\/div><div class=\"w-grid-carousel-json hidden\" onclick='return {&quot;carousel_settings&quot;:{&quot;aria_labels&quot;:{&quot;prev&quot;:&quot;Zur\\u00fcck&quot;,&quot;next&quot;:&quot;Weiter&quot;},&quot;autoplayContinual&quot;:false,&quot;autoplayHoverPause&quot;:false,&quot;autoplayTimeout&quot;:3000,&quot;autoWidth&quot;:false,&quot;smartSpeed&quot;:350,&quot;margin&quot;:0,&quot;mouseDrag&quot;:true,&quot;rtl&quot;:false,&quot;slideBy&quot;:&quot;1&quot;,&quot;touchDrag&quot;:true,&quot;slideTransition&quot;:&quot;&quot;,&quot;responsive&quot;:{&quot;0&quot;:{&quot;autoHeight&quot;:false,&quot;autoplay&quot;:false,&quot;autoWidth&quot;:false,&quot;center&quot;:false,&quot;dots&quot;:true,&quot;items&quot;:1,&quot;loop&quot;:true,&quot;nav&quot;:false,&quot;stagePadding&quot;:0,&quot;slideBy&quot;:&quot;1&quot;},&quot;601&quot;:{&quot;autoHeight&quot;:false,&quot;autoplay&quot;:false,&quot;autoWidth&quot;:false,&quot;center&quot;:false,&quot;dots&quot;:true,&quot;items&quot;:1,&quot;loop&quot;:true,&quot;nav&quot;:true,&quot;stagePadding&quot;:0,&quot;slideBy&quot;:&quot;1&quot;},&quot;1025&quot;:{&quot;autoHeight&quot;:false,&quot;autoplay&quot;:false,&quot;autoWidth&quot;:false,&quot;center&quot;:false,&quot;dots&quot;:true,&quot;items&quot;:1,&quot;loop&quot;:true,&quot;nav&quot;:true,&quot;stagePadding&quot;:0,&quot;slideBy&quot;:&quot;1&quot;},&quot;1381&quot;:{&quot;items&quot;:1,&quot;autoplay&quot;:false,&quot;center&quot;:false,&quot;dots&quot;:true,&quot;nav&quot;:true,&quot;autoHeight&quot;:false,&quot;autoWidth&quot;:false,&quot;loop&quot;:true,&quot;stagePadding&quot;:0}}}}'><\/div><\/div><\/div><\/div><\/div><\/div><\/div><\/section>\n","protected":false},"excerpt":{"rendered":"Die Tour rund um den Gardasee ist besonders bei Motorradfahrern beliebt und f\u00fchrt durch Nago-Torbole, Malcesine, Bardolino, Lazise und Sirmione, Toscolano-Maderno und Limone. Bewundern Sie w\u00e4hrend Ihrer Aufenthalte im Trentino zauberhafte Landschaften mit \u00fcppiger Vegetation und fahren Sie mit dem Motorrad auf der ber\u00fchmten Gardesana! F\u00fcr die 160 km lange Route brauchen Sie ca. vier...","protected":false},"author":1,"featured_media":2301,"parent":0,"menu_order":0,"comment_status":"closed","ping_status":"closed","template":"","meta":{"_acf_changed":false,"inline_featured_image":false,"footnotes":""},"class_list":["post-3412","page","type-page","status-publish","has-post-thumbnail","hentry"],"acf":[],"yoast_head":"<!-- This site is optimized with the Yoast SEO plugin v27.4 - https:\/\/yoast.com\/product\/yoast-seo-wordpress\/ -->\n<title>Percorsi Moto Val di Gresta<\/title>\n<meta name=\"description\" content=\"L\u2019Hotel Martinelli offre servizi esclusivi per motociclisti col fine di garantirvi elevati standard di qualit\u00e0.\" \/>\n<meta name=\"robots\" content=\"index, follow, max-snippet:-1, max-image-preview:large, max-video-preview:-1\" \/>\n<link rel=\"canonical\" href=\"https:\/\/hotelmartinelli.it\/de\/urlaub-mit-dem-motorrad\/\" \/>\n<meta property=\"og:locale\" content=\"de_DE\" \/>\n<meta property=\"og:type\" content=\"article\" \/>\n<meta property=\"og:title\" content=\"Percorsi Moto Val di Gresta\" \/>\n<meta property=\"og:description\" content=\"L\u2019Hotel Martinelli offre servizi esclusivi per motociclisti col fine di garantirvi elevati standard di qualit\u00e0.\" \/>\n<meta property=\"og:url\" content=\"https:\/\/hotelmartinelli.it\/de\/urlaub-mit-dem-motorrad\/\" \/>\n<meta property=\"og:site_name\" content=\"Hotel Martinelli\" \/>\n<meta property=\"article:publisher\" content=\"https:\/\/www.facebook.com\/HotelMartinelli\" \/>\n<meta property=\"article:modified_time\" content=\"2024-04-15T12:43:11+00:00\" \/>\n<meta property=\"og:image\" content=\"https:\/\/hotelmartinelli.it\/wp-content\/uploads\/2024\/01\/OND04421.jpg\" \/>\n\t<meta property=\"og:image:width\" content=\"1920\" \/>\n\t<meta property=\"og:image:height\" content=\"1281\" \/>\n\t<meta property=\"og:image:type\" content=\"image\/jpeg\" \/>\n<meta name=\"twitter:card\" content=\"summary_large_image\" \/>\n<meta name=\"twitter:label1\" content=\"Gesch\u00e4tzte Lesezeit\" \/>\n\t<meta name=\"twitter:data1\" content=\"2\u00a0Minuten\" \/>\n<script type=\"application\/ld+json\" class=\"yoast-schema-graph\">{\"@context\":\"https:\\\/\\\/schema.org\",\"@graph\":[{\"@type\":\"WebPage\",\"@id\":\"https:\\\/\\\/hotelmartinelli.it\\\/de\\\/urlaub-mit-dem-motorrad\\\/\",\"url\":\"https:\\\/\\\/hotelmartinelli.it\\\/de\\\/urlaub-mit-dem-motorrad\\\/\",\"name\":\"Percorsi Moto Val di Gresta\",\"isPartOf\":{\"@id\":\"https:\\\/\\\/hotelmartinelli.it\\\/#website\"},\"primaryImageOfPage\":{\"@id\":\"https:\\\/\\\/hotelmartinelli.it\\\/de\\\/urlaub-mit-dem-motorrad\\\/#primaryimage\"},\"image\":{\"@id\":\"https:\\\/\\\/hotelmartinelli.it\\\/de\\\/urlaub-mit-dem-motorrad\\\/#primaryimage\"},\"thumbnailUrl\":\"https:\\\/\\\/hotelmartinelli.it\\\/wp-content\\\/uploads\\\/2024\\\/01\\\/OND04421.jpg\",\"datePublished\":\"2024-01-11T15:22:50+00:00\",\"dateModified\":\"2024-04-15T12:43:11+00:00\",\"description\":\"L\u2019Hotel Martinelli offre servizi esclusivi per motociclisti col fine di garantirvi elevati standard di qualit\u00e0.\",\"breadcrumb\":{\"@id\":\"https:\\\/\\\/hotelmartinelli.it\\\/de\\\/urlaub-mit-dem-motorrad\\\/#breadcrumb\"},\"inLanguage\":\"de\",\"potentialAction\":[{\"@type\":\"ReadAction\",\"target\":[\"https:\\\/\\\/hotelmartinelli.it\\\/de\\\/urlaub-mit-dem-motorrad\\\/\"]}]},{\"@type\":\"ImageObject\",\"inLanguage\":\"de\",\"@id\":\"https:\\\/\\\/hotelmartinelli.it\\\/de\\\/urlaub-mit-dem-motorrad\\\/#primaryimage\",\"url\":\"https:\\\/\\\/hotelmartinelli.it\\\/wp-content\\\/uploads\\\/2024\\\/01\\\/OND04421.jpg\",\"contentUrl\":\"https:\\\/\\\/hotelmartinelli.it\\\/wp-content\\\/uploads\\\/2024\\\/01\\\/OND04421.jpg\",\"width\":1920,\"height\":1281},{\"@type\":\"BreadcrumbList\",\"@id\":\"https:\\\/\\\/hotelmartinelli.it\\\/de\\\/urlaub-mit-dem-motorrad\\\/#breadcrumb\",\"itemListElement\":[{\"@type\":\"ListItem\",\"position\":1,\"name\":\"Home\",\"item\":\"https:\\\/\\\/hotelmartinelli.it\\\/de\\\/\"},{\"@type\":\"ListItem\",\"position\":2,\"name\":\"Urlaub mit dem Motorrad\"}]},{\"@type\":\"WebSite\",\"@id\":\"https:\\\/\\\/hotelmartinelli.it\\\/#website\",\"url\":\"https:\\\/\\\/hotelmartinelli.it\\\/\",\"name\":\"Hotel Martinelli\",\"description\":\"\",\"publisher\":{\"@id\":\"https:\\\/\\\/hotelmartinelli.it\\\/#organization\"},\"potentialAction\":[{\"@type\":\"SearchAction\",\"target\":{\"@type\":\"EntryPoint\",\"urlTemplate\":\"https:\\\/\\\/hotelmartinelli.it\\\/?s={search_term_string}\"},\"query-input\":{\"@type\":\"PropertyValueSpecification\",\"valueRequired\":true,\"valueName\":\"search_term_string\"}}],\"inLanguage\":\"de\"},{\"@type\":\"Organization\",\"@id\":\"https:\\\/\\\/hotelmartinelli.it\\\/#organization\",\"name\":\"Hotel Martinelli\",\"url\":\"https:\\\/\\\/hotelmartinelli.it\\\/\",\"logo\":{\"@type\":\"ImageObject\",\"inLanguage\":\"de\",\"@id\":\"https:\\\/\\\/hotelmartinelli.it\\\/#\\\/schema\\\/logo\\\/image\\\/\",\"url\":\"https:\\\/\\\/hotelmartinelli.it\\\/wp-content\\\/uploads\\\/2024\\\/01\\\/logomartinelli-seo.png\",\"contentUrl\":\"https:\\\/\\\/hotelmartinelli.it\\\/wp-content\\\/uploads\\\/2024\\\/01\\\/logomartinelli-seo.png\",\"width\":391,\"height\":57,\"caption\":\"Hotel Martinelli\"},\"image\":{\"@id\":\"https:\\\/\\\/hotelmartinelli.it\\\/#\\\/schema\\\/logo\\\/image\\\/\"},\"sameAs\":[\"https:\\\/\\\/www.facebook.com\\\/HotelMartinelli\"]}]}<\/script>\n<!-- \/ Yoast SEO plugin. -->","yoast_head_json":{"title":"Percorsi Moto Val di Gresta","description":"L\u2019Hotel Martinelli offre servizi esclusivi per motociclisti col fine di garantirvi elevati standard di qualit\u00e0.","robots":{"index":"index","follow":"follow","max-snippet":"max-snippet:-1","max-image-preview":"max-image-preview:large","max-video-preview":"max-video-preview:-1"},"canonical":"https:\/\/hotelmartinelli.it\/de\/urlaub-mit-dem-motorrad\/","og_locale":"de_DE","og_type":"article","og_title":"Percorsi Moto Val di Gresta","og_description":"L\u2019Hotel Martinelli offre servizi esclusivi per motociclisti col fine di garantirvi elevati standard di qualit\u00e0.","og_url":"https:\/\/hotelmartinelli.it\/de\/urlaub-mit-dem-motorrad\/","og_site_name":"Hotel Martinelli","article_publisher":"https:\/\/www.facebook.com\/HotelMartinelli","article_modified_time":"2024-04-15T12:43:11+00:00","og_image":[{"width":1920,"height":1281,"url":"https:\/\/hotelmartinelli.it\/wp-content\/uploads\/2024\/01\/OND04421.jpg","type":"image\/jpeg"}],"twitter_card":"summary_large_image","twitter_misc":{"Gesch\u00e4tzte Lesezeit":"2\u00a0Minuten"},"schema":{"@context":"https:\/\/schema.org","@graph":[{"@type":"WebPage","@id":"https:\/\/hotelmartinelli.it\/de\/urlaub-mit-dem-motorrad\/","url":"https:\/\/hotelmartinelli.it\/de\/urlaub-mit-dem-motorrad\/","name":"Percorsi Moto Val di Gresta","isPartOf":{"@id":"https:\/\/hotelmartinelli.it\/#website"},"primaryImageOfPage":{"@id":"https:\/\/hotelmartinelli.it\/de\/urlaub-mit-dem-motorrad\/#primaryimage"},"image":{"@id":"https:\/\/hotelmartinelli.it\/de\/urlaub-mit-dem-motorrad\/#primaryimage"},"thumbnailUrl":"https:\/\/hotelmartinelli.it\/wp-content\/uploads\/2024\/01\/OND04421.jpg","datePublished":"2024-01-11T15:22:50+00:00","dateModified":"2024-04-15T12:43:11+00:00","description":"L\u2019Hotel Martinelli offre servizi esclusivi per motociclisti col fine di garantirvi elevati standard di qualit\u00e0.","breadcrumb":{"@id":"https:\/\/hotelmartinelli.it\/de\/urlaub-mit-dem-motorrad\/#breadcrumb"},"inLanguage":"de","potentialAction":[{"@type":"ReadAction","target":["https:\/\/hotelmartinelli.it\/de\/urlaub-mit-dem-motorrad\/"]}]},{"@type":"ImageObject","inLanguage":"de","@id":"https:\/\/hotelmartinelli.it\/de\/urlaub-mit-dem-motorrad\/#primaryimage","url":"https:\/\/hotelmartinelli.it\/wp-content\/uploads\/2024\/01\/OND04421.jpg","contentUrl":"https:\/\/hotelmartinelli.it\/wp-content\/uploads\/2024\/01\/OND04421.jpg","width":1920,"height":1281},{"@type":"BreadcrumbList","@id":"https:\/\/hotelmartinelli.it\/de\/urlaub-mit-dem-motorrad\/#breadcrumb","itemListElement":[{"@type":"ListItem","position":1,"name":"Home","item":"https:\/\/hotelmartinelli.it\/de\/"},{"@type":"ListItem","position":2,"name":"Urlaub mit dem Motorrad"}]},{"@type":"WebSite","@id":"https:\/\/hotelmartinelli.it\/#website","url":"https:\/\/hotelmartinelli.it\/","name":"Hotel Martinelli","description":"","publisher":{"@id":"https:\/\/hotelmartinelli.it\/#organization"},"potentialAction":[{"@type":"SearchAction","target":{"@type":"EntryPoint","urlTemplate":"https:\/\/hotelmartinelli.it\/?s={search_term_string}"},"query-input":{"@type":"PropertyValueSpecification","valueRequired":true,"valueName":"search_term_string"}}],"inLanguage":"de"},{"@type":"Organization","@id":"https:\/\/hotelmartinelli.it\/#organization","name":"Hotel Martinelli","url":"https:\/\/hotelmartinelli.it\/","logo":{"@type":"ImageObject","inLanguage":"de","@id":"https:\/\/hotelmartinelli.it\/#\/schema\/logo\/image\/","url":"https:\/\/hotelmartinelli.it\/wp-content\/uploads\/2024\/01\/logomartinelli-seo.png","contentUrl":"https:\/\/hotelmartinelli.it\/wp-content\/uploads\/2024\/01\/logomartinelli-seo.png","width":391,"height":57,"caption":"Hotel Martinelli"},"image":{"@id":"https:\/\/hotelmartinelli.it\/#\/schema\/logo\/image\/"},"sameAs":["https:\/\/www.facebook.com\/HotelMartinelli"]}]}},"_links":{"self":[{"href":"https:\/\/hotelmartinelli.it\/de\/wp-json\/wp\/v2\/pages\/3412","targetHints":{"allow":["GET"]}}],"collection":[{"href":"https:\/\/hotelmartinelli.it\/de\/wp-json\/wp\/v2\/pages"}],"about":[{"href":"https:\/\/hotelmartinelli.it\/de\/wp-json\/wp\/v2\/types\/page"}],"author":[{"embeddable":true,"href":"https:\/\/hotelmartinelli.it\/de\/wp-json\/wp\/v2\/users\/1"}],"replies":[{"embeddable":true,"href":"https:\/\/hotelmartinelli.it\/de\/wp-json\/wp\/v2\/comments?post=3412"}],"version-history":[{"count":2,"href":"https:\/\/hotelmartinelli.it\/de\/wp-json\/wp\/v2\/pages\/3412\/revisions"}],"predecessor-version":[{"id":3416,"href":"https:\/\/hotelmartinelli.it\/de\/wp-json\/wp\/v2\/pages\/3412\/revisions\/3416"}],"wp:featuredmedia":[{"embeddable":true,"href":"https:\/\/hotelmartinelli.it\/de\/wp-json\/wp\/v2\/media\/2301"}],"wp:attachment":[{"href":"https:\/\/hotelmartinelli.it\/de\/wp-json\/wp\/v2\/media?parent=3412"}],"curies":[{"name":"wp","href":"https:\/\/api.w.org\/{rel}","templated":true}]}}