{"id":3407,"date":"2024-01-11T16:24:05","date_gmt":"2024-01-11T15:24:05","guid":{"rendered":"https:\/\/hotelmartinelli.it\/trentino-guest-card\/"},"modified":"2024-04-15T14:38:04","modified_gmt":"2024-04-15T12:38:04","slug":"trentino-guest-card","status":"publish","type":"page","link":"https:\/\/hotelmartinelli.it\/de\/trentino-guest-card\/","title":{"rendered":"Trentino Guest Card"},"content":{"rendered":"<section class=\"l-section wpb_row us_custom_a394a746 height_medium with_img\"><div class=\"l-section-img\" role=\"img\" aria-label=\"Bild\" data-img-width=\"1200\" data-img-height=\"600\" style=\"background-image: url(https:\/\/hotelmartinelli.it\/wp-content\/uploads\/2024\/01\/TRENTINO-GUEST-CARD_17novembre2023.jpg);background-repeat: no-repeat;\"><\/div><div class=\"l-section-overlay\" style=\"background:linear-gradient(180deg,rgba(0,0,0,0.00),rgba(0,0,0,0.25))\"><\/div><div class=\"l-section-h i-cf\"><div class=\"g-cols vc_row via_flex valign_bottom type_default stacking_default\"><div class=\"vc_col-sm-12 wpb_column vc_column_container\"><div class=\"vc_column-inner\"><div class=\"wpb_wrapper\"><\/div><\/div><\/div><\/div><\/div><\/section><section class=\"l-section wpb_row us_custom_4b216dc0 height_medium\"><div class=\"l-section-h i-cf\"><div class=\"g-cols vc_row via_flex valign_top type_default stacking_default\"><div class=\"vc_col-sm-12 wpb_column vc_column_container\"><div class=\"vc_column-inner\"><div class=\"wpb_wrapper\"><div class=\"w-separator size_small\"><\/div><h1 class=\"w-text us_custom_13512d03 us_animate_this\"><span class=\"w-text-h\"><span class=\"w-text-value\">trentino guest card<\/span><\/span><\/h1><div class=\"w-separator hide_on_mobiles size_medium\"><\/div><div class=\"g-cols wpb_row us_custom_135ab3b3 via_flex valign_top type_default stacking_default\"><div class=\"vc_col-sm-5 wpb_column vc_column_container\"><div class=\"vc_column-inner\"><div class=\"wpb_wrapper\"><\/div><\/div><\/div><div class=\"vc_col-sm-7 wpb_column vc_column_container\"><div class=\"vc_column-inner\"><div class=\"wpb_wrapper\"><div class=\"w-separator hide_on_default hide_on_laptops hide_on_tablets size_small\"><\/div><div class=\"wpb_text_column\"><div class=\"wpb_wrapper\"><p>Die Trentino Guest Card (TGC) liefert Ihnen zahlreiche weitere Gr\u00fcnde, um einen Urlaub im Trentino zu buchen. Bereits in der Phase der Buchung Ihrer Unterkunft k\u00f6nnen Sie von Ihrem Smartphone aus auf die TGC in digitaler Ausf\u00fchrung zugreifen. Dieser <b>Pass macht Ihren Urlaub einfacher und reichhaltiger<\/b>, mit zahlreichen Vorteilen f\u00fcr Erwachsene und Kinder.<\/p>\n<p>So haben Sie beispielsweise unsere Angebote stets in Griffweite, k\u00f6nnen Eintritte und Serviceleistungen buchen und gelangen kostenlos oder g\u00fcnstiger in die wichtigsten Museen, Burgen und Naturparks. Aber vor allem k\u00f6nnen Sie die \u00f6ffentlichen Verkehrsmittel kostenlos und einfach nutzen, meiden Verkehr und Parkplatzsuche, erhalten Rabatte bei unseren Vertragspartnern und erhalten Zugang zu exklusiven Serviceleistungen wie F\u00fchrungen und Verkostungen.<\/p>\n<\/div><\/div><\/div><\/div><\/div><\/div><\/div><\/div><\/div><\/div><\/div><\/section><section class=\"l-section wpb_row us_custom_d77bca1a us_animate_this height_medium\"><div class=\"l-section-h i-cf\"><div class=\"g-cols vc_row via_flex valign_top type_default stacking_default\"><div class=\"vc_col-sm-12 wpb_column vc_column_container\"><div class=\"vc_column-inner\"><div class=\"wpb_wrapper\"><h3 class=\"w-text us_custom_9de87d4e\"><span class=\"w-text-h\"><span class=\"w-text-value\">Was sind die Vorteile?<\/span><\/span><\/h3><div class=\"w-separator size_small\"><\/div><div class=\"w-separator us_custom_68905004 size_custom with_line width_30 thick_2 style_solid color_text align_left\" style=\"height:10px\"><div class=\"w-separator-h\"><\/div><\/div><div class=\"w-separator size_small\"><\/div><div class=\"wpb_text_column us_custom_a85e3b9a\"><div class=\"wpb_wrapper\"><h4><b>Die Trentino Guest Card auf Ihrem Smartphone bietet Ihnen w\u00e4hrend der gesamten Dauer Ihres Urlaubs folgende Vorteile:<\/b><\/h4>\n<\/div><\/div><div class=\"w-separator size_medium\"><\/div><div class=\"g-cols wpb_row via_flex valign_top type_default stacking_default\"><div class=\"vc_col-sm-6 wpb_column vc_column_container\"><div class=\"vc_column-inner us_custom_8f7b07a9 us_animate_this\"><div class=\"wpb_wrapper\"><div class=\"wpb_text_column\"><div class=\"wpb_wrapper\"><ul class=\"fa-ul\">\n<li><i class=\"fas fa-check-circle\"><\/i>Kostenlose Nutzung der \u00f6ffentlichen Verkehrsmittel im Trentino, inklusive Z\u00fcge, nur f\u00fcr Fahrten mit Ausgangspunkt und Zielort im Trentino<\/li>\n<li><i class=\"fas fa-check-circle\"><\/i>Zutritt zu mehr als 60 Museen, 20 Burgen und mehr als 40 Attraktionen<\/li>\n<li><i class=\"fas fa-check-circle\"><\/i>Verkostung von kulinarischen Erzeugnissen und Weinen der Region und Einkauf zu verg\u00fcnstigten Preisen<\/li>\n<\/ul>\n<\/div><\/div><\/div><\/div><\/div><div class=\"vc_col-sm-6 wpb_column vc_column_container\"><div class=\"vc_column-inner us_custom_ff13c409 us_animate_this\"><div class=\"wpb_wrapper\"><div class=\"wpb_text_column\"><div class=\"wpb_wrapper\"><ul class=\"fa-ul\">\n<li><i class=\"fas fa-check-circle\"><\/i>Kostenloser Eintritt in die Arena von Verona und in die Galerie f\u00fcr Moderne Kunst &#8222;Achille Forti&#8220; in Verona<\/li>\n<li><i class=\"fas fa-check-circle\"><\/i>Teilnahme an mehr als 60 Aktivit\u00e4ten im gesamten Trentino zu verg\u00fcnstigten Tarifen<\/li>\n<li><i class=\"fas fa-check-circle\"><\/i>Erhalt von Rabattcodes, um das Trentino mit MarinoBus und Autostradale zu erreichen<\/li>\n<\/ul>\n<\/div><\/div><\/div><\/div><\/div><\/div><\/div><\/div><\/div><\/div><\/div><\/section>\n","protected":false},"excerpt":{"rendered":"trentino guest cardDie Trentino Guest Card (TGC) liefert Ihnen zahlreiche weitere Gr\u00fcnde, um einen Urlaub im Trentino zu buchen. Bereits in der Phase der Buchung Ihrer Unterkunft k\u00f6nnen Sie von Ihrem Smartphone aus auf die TGC in digitaler Ausf\u00fchrung zugreifen. Dieser Pass macht Ihren Urlaub einfacher und reichhaltiger, mit zahlreichen Vorteilen f\u00fcr Erwachsene und Kinder....","protected":false},"author":1,"featured_media":2431,"parent":0,"menu_order":0,"comment_status":"closed","ping_status":"closed","template":"","meta":{"_acf_changed":false,"inline_featured_image":false,"footnotes":""},"class_list":["post-3407","page","type-page","status-publish","has-post-thumbnail","hentry"],"acf":[],"yoast_head":"<!-- This site is optimized with the Yoast SEO plugin v27.4 - https:\/\/yoast.com\/product\/yoast-seo-wordpress\/ -->\n<title>Trentino Guest Card<\/title>\n<meta name=\"description\" content=\"Si tratta di un pass che rende pi\u00f9 semplice e ricca la tua vacanza, con tanti vantaggi sia per adulti che per bambini.\" \/>\n<meta name=\"robots\" content=\"index, follow, max-snippet:-1, max-image-preview:large, max-video-preview:-1\" \/>\n<link rel=\"canonical\" href=\"https:\/\/hotelmartinelli.it\/de\/trentino-guest-card\/\" \/>\n<meta property=\"og:locale\" content=\"de_DE\" \/>\n<meta property=\"og:type\" content=\"article\" \/>\n<meta property=\"og:title\" content=\"Trentino Guest Card\" \/>\n<meta property=\"og:description\" content=\"Si tratta di un pass che rende pi\u00f9 semplice e ricca la tua vacanza, con tanti vantaggi sia per adulti che per bambini.\" \/>\n<meta property=\"og:url\" content=\"https:\/\/hotelmartinelli.it\/de\/trentino-guest-card\/\" \/>\n<meta property=\"og:site_name\" content=\"Hotel Martinelli\" \/>\n<meta property=\"article:publisher\" content=\"https:\/\/www.facebook.com\/HotelMartinelli\" \/>\n<meta property=\"article:modified_time\" content=\"2024-04-15T12:38:04+00:00\" \/>\n<meta property=\"og:image\" content=\"https:\/\/hotelmartinelli.it\/wp-content\/uploads\/2024\/01\/TRENTINO-GUEST-CARD_17novembre2023.jpg\" \/>\n\t<meta property=\"og:image:width\" content=\"1200\" \/>\n\t<meta property=\"og:image:height\" content=\"600\" \/>\n\t<meta property=\"og:image:type\" content=\"image\/jpeg\" \/>\n<meta name=\"twitter:card\" content=\"summary_large_image\" \/>\n<meta name=\"twitter:label1\" content=\"Gesch\u00e4tzte Lesezeit\" \/>\n\t<meta name=\"twitter:data1\" content=\"2\u00a0Minuten\" \/>\n<script type=\"application\/ld+json\" class=\"yoast-schema-graph\">{\"@context\":\"https:\\\/\\\/schema.org\",\"@graph\":[{\"@type\":\"WebPage\",\"@id\":\"https:\\\/\\\/hotelmartinelli.it\\\/de\\\/trentino-guest-card\\\/\",\"url\":\"https:\\\/\\\/hotelmartinelli.it\\\/de\\\/trentino-guest-card\\\/\",\"name\":\"Trentino Guest Card\",\"isPartOf\":{\"@id\":\"https:\\\/\\\/hotelmartinelli.it\\\/#website\"},\"primaryImageOfPage\":{\"@id\":\"https:\\\/\\\/hotelmartinelli.it\\\/de\\\/trentino-guest-card\\\/#primaryimage\"},\"image\":{\"@id\":\"https:\\\/\\\/hotelmartinelli.it\\\/de\\\/trentino-guest-card\\\/#primaryimage\"},\"thumbnailUrl\":\"https:\\\/\\\/hotelmartinelli.it\\\/wp-content\\\/uploads\\\/2024\\\/01\\\/TRENTINO-GUEST-CARD_17novembre2023.jpg\",\"datePublished\":\"2024-01-11T15:24:05+00:00\",\"dateModified\":\"2024-04-15T12:38:04+00:00\",\"description\":\"Si tratta di un pass che rende pi\u00f9 semplice e ricca la tua vacanza, con tanti vantaggi sia per adulti che per bambini.\",\"breadcrumb\":{\"@id\":\"https:\\\/\\\/hotelmartinelli.it\\\/de\\\/trentino-guest-card\\\/#breadcrumb\"},\"inLanguage\":\"de\",\"potentialAction\":[{\"@type\":\"ReadAction\",\"target\":[\"https:\\\/\\\/hotelmartinelli.it\\\/de\\\/trentino-guest-card\\\/\"]}]},{\"@type\":\"ImageObject\",\"inLanguage\":\"de\",\"@id\":\"https:\\\/\\\/hotelmartinelli.it\\\/de\\\/trentino-guest-card\\\/#primaryimage\",\"url\":\"https:\\\/\\\/hotelmartinelli.it\\\/wp-content\\\/uploads\\\/2024\\\/01\\\/TRENTINO-GUEST-CARD_17novembre2023.jpg\",\"contentUrl\":\"https:\\\/\\\/hotelmartinelli.it\\\/wp-content\\\/uploads\\\/2024\\\/01\\\/TRENTINO-GUEST-CARD_17novembre2023.jpg\",\"width\":1200,\"height\":600},{\"@type\":\"BreadcrumbList\",\"@id\":\"https:\\\/\\\/hotelmartinelli.it\\\/de\\\/trentino-guest-card\\\/#breadcrumb\",\"itemListElement\":[{\"@type\":\"ListItem\",\"position\":1,\"name\":\"Home\",\"item\":\"https:\\\/\\\/hotelmartinelli.it\\\/de\\\/\"},{\"@type\":\"ListItem\",\"position\":2,\"name\":\"Trentino Guest Card\"}]},{\"@type\":\"WebSite\",\"@id\":\"https:\\\/\\\/hotelmartinelli.it\\\/#website\",\"url\":\"https:\\\/\\\/hotelmartinelli.it\\\/\",\"name\":\"Hotel Martinelli\",\"description\":\"\",\"publisher\":{\"@id\":\"https:\\\/\\\/hotelmartinelli.it\\\/#organization\"},\"potentialAction\":[{\"@type\":\"SearchAction\",\"target\":{\"@type\":\"EntryPoint\",\"urlTemplate\":\"https:\\\/\\\/hotelmartinelli.it\\\/?s={search_term_string}\"},\"query-input\":{\"@type\":\"PropertyValueSpecification\",\"valueRequired\":true,\"valueName\":\"search_term_string\"}}],\"inLanguage\":\"de\"},{\"@type\":\"Organization\",\"@id\":\"https:\\\/\\\/hotelmartinelli.it\\\/#organization\",\"name\":\"Hotel Martinelli\",\"url\":\"https:\\\/\\\/hotelmartinelli.it\\\/\",\"logo\":{\"@type\":\"ImageObject\",\"inLanguage\":\"de\",\"@id\":\"https:\\\/\\\/hotelmartinelli.it\\\/#\\\/schema\\\/logo\\\/image\\\/\",\"url\":\"https:\\\/\\\/hotelmartinelli.it\\\/wp-content\\\/uploads\\\/2024\\\/01\\\/logomartinelli-seo.png\",\"contentUrl\":\"https:\\\/\\\/hotelmartinelli.it\\\/wp-content\\\/uploads\\\/2024\\\/01\\\/logomartinelli-seo.png\",\"width\":391,\"height\":57,\"caption\":\"Hotel Martinelli\"},\"image\":{\"@id\":\"https:\\\/\\\/hotelmartinelli.it\\\/#\\\/schema\\\/logo\\\/image\\\/\"},\"sameAs\":[\"https:\\\/\\\/www.facebook.com\\\/HotelMartinelli\"]}]}<\/script>\n<!-- \/ Yoast SEO plugin. -->","yoast_head_json":{"title":"Trentino Guest Card","description":"Si tratta di un pass che rende pi\u00f9 semplice e ricca la tua vacanza, con tanti vantaggi sia per adulti che per bambini.","robots":{"index":"index","follow":"follow","max-snippet":"max-snippet:-1","max-image-preview":"max-image-preview:large","max-video-preview":"max-video-preview:-1"},"canonical":"https:\/\/hotelmartinelli.it\/de\/trentino-guest-card\/","og_locale":"de_DE","og_type":"article","og_title":"Trentino Guest Card","og_description":"Si tratta di un pass che rende pi\u00f9 semplice e ricca la tua vacanza, con tanti vantaggi sia per adulti che per bambini.","og_url":"https:\/\/hotelmartinelli.it\/de\/trentino-guest-card\/","og_site_name":"Hotel Martinelli","article_publisher":"https:\/\/www.facebook.com\/HotelMartinelli","article_modified_time":"2024-04-15T12:38:04+00:00","og_image":[{"width":1200,"height":600,"url":"https:\/\/hotelmartinelli.it\/wp-content\/uploads\/2024\/01\/TRENTINO-GUEST-CARD_17novembre2023.jpg","type":"image\/jpeg"}],"twitter_card":"summary_large_image","twitter_misc":{"Gesch\u00e4tzte Lesezeit":"2\u00a0Minuten"},"schema":{"@context":"https:\/\/schema.org","@graph":[{"@type":"WebPage","@id":"https:\/\/hotelmartinelli.it\/de\/trentino-guest-card\/","url":"https:\/\/hotelmartinelli.it\/de\/trentino-guest-card\/","name":"Trentino Guest Card","isPartOf":{"@id":"https:\/\/hotelmartinelli.it\/#website"},"primaryImageOfPage":{"@id":"https:\/\/hotelmartinelli.it\/de\/trentino-guest-card\/#primaryimage"},"image":{"@id":"https:\/\/hotelmartinelli.it\/de\/trentino-guest-card\/#primaryimage"},"thumbnailUrl":"https:\/\/hotelmartinelli.it\/wp-content\/uploads\/2024\/01\/TRENTINO-GUEST-CARD_17novembre2023.jpg","datePublished":"2024-01-11T15:24:05+00:00","dateModified":"2024-04-15T12:38:04+00:00","description":"Si tratta di un pass che rende pi\u00f9 semplice e ricca la tua vacanza, con tanti vantaggi sia per adulti che per bambini.","breadcrumb":{"@id":"https:\/\/hotelmartinelli.it\/de\/trentino-guest-card\/#breadcrumb"},"inLanguage":"de","potentialAction":[{"@type":"ReadAction","target":["https:\/\/hotelmartinelli.it\/de\/trentino-guest-card\/"]}]},{"@type":"ImageObject","inLanguage":"de","@id":"https:\/\/hotelmartinelli.it\/de\/trentino-guest-card\/#primaryimage","url":"https:\/\/hotelmartinelli.it\/wp-content\/uploads\/2024\/01\/TRENTINO-GUEST-CARD_17novembre2023.jpg","contentUrl":"https:\/\/hotelmartinelli.it\/wp-content\/uploads\/2024\/01\/TRENTINO-GUEST-CARD_17novembre2023.jpg","width":1200,"height":600},{"@type":"BreadcrumbList","@id":"https:\/\/hotelmartinelli.it\/de\/trentino-guest-card\/#breadcrumb","itemListElement":[{"@type":"ListItem","position":1,"name":"Home","item":"https:\/\/hotelmartinelli.it\/de\/"},{"@type":"ListItem","position":2,"name":"Trentino Guest Card"}]},{"@type":"WebSite","@id":"https:\/\/hotelmartinelli.it\/#website","url":"https:\/\/hotelmartinelli.it\/","name":"Hotel Martinelli","description":"","publisher":{"@id":"https:\/\/hotelmartinelli.it\/#organization"},"potentialAction":[{"@type":"SearchAction","target":{"@type":"EntryPoint","urlTemplate":"https:\/\/hotelmartinelli.it\/?s={search_term_string}"},"query-input":{"@type":"PropertyValueSpecification","valueRequired":true,"valueName":"search_term_string"}}],"inLanguage":"de"},{"@type":"Organization","@id":"https:\/\/hotelmartinelli.it\/#organization","name":"Hotel Martinelli","url":"https:\/\/hotelmartinelli.it\/","logo":{"@type":"ImageObject","inLanguage":"de","@id":"https:\/\/hotelmartinelli.it\/#\/schema\/logo\/image\/","url":"https:\/\/hotelmartinelli.it\/wp-content\/uploads\/2024\/01\/logomartinelli-seo.png","contentUrl":"https:\/\/hotelmartinelli.it\/wp-content\/uploads\/2024\/01\/logomartinelli-seo.png","width":391,"height":57,"caption":"Hotel Martinelli"},"image":{"@id":"https:\/\/hotelmartinelli.it\/#\/schema\/logo\/image\/"},"sameAs":["https:\/\/www.facebook.com\/HotelMartinelli"]}]}},"_links":{"self":[{"href":"https:\/\/hotelmartinelli.it\/de\/wp-json\/wp\/v2\/pages\/3407","targetHints":{"allow":["GET"]}}],"collection":[{"href":"https:\/\/hotelmartinelli.it\/de\/wp-json\/wp\/v2\/pages"}],"about":[{"href":"https:\/\/hotelmartinelli.it\/de\/wp-json\/wp\/v2\/types\/page"}],"author":[{"embeddable":true,"href":"https:\/\/hotelmartinelli.it\/de\/wp-json\/wp\/v2\/users\/1"}],"replies":[{"embeddable":true,"href":"https:\/\/hotelmartinelli.it\/de\/wp-json\/wp\/v2\/comments?post=3407"}],"version-history":[{"count":2,"href":"https:\/\/hotelmartinelli.it\/de\/wp-json\/wp\/v2\/pages\/3407\/revisions"}],"predecessor-version":[{"id":3410,"href":"https:\/\/hotelmartinelli.it\/de\/wp-json\/wp\/v2\/pages\/3407\/revisions\/3410"}],"wp:featuredmedia":[{"embeddable":true,"href":"https:\/\/hotelmartinelli.it\/de\/wp-json\/wp\/v2\/media\/2431"}],"wp:attachment":[{"href":"https:\/\/hotelmartinelli.it\/de\/wp-json\/wp\/v2\/media?parent=3407"}],"curies":[{"name":"wp","href":"https:\/\/api.w.org\/{rel}","templated":true}]}}