{"id":3287,"date":"2024-01-11T16:21:19","date_gmt":"2024-01-11T15:21:19","guid":{"rendered":"https:\/\/hotelmartinelli.it\/offerte\/"},"modified":"2024-04-15T10:40:10","modified_gmt":"2024-04-15T08:40:10","slug":"angebote","status":"publish","type":"page","link":"https:\/\/hotelmartinelli.it\/de\/angebote\/","title":{"rendered":"ANGEBOTE"},"content":{"rendered":"<section class=\"l-section wpb_row us_custom_a394a746 height_medium with_img\"><div class=\"l-section-img\" role=\"img\" aria-label=\"Bild\" data-img-width=\"1920\" data-img-height=\"1281\" style=\"background-image: url(https:\/\/hotelmartinelli.it\/wp-content\/uploads\/2024\/01\/OND03898.jpg);background-repeat: no-repeat;\"><\/div><div class=\"l-section-overlay\" style=\"background:linear-gradient(180deg,rgba(0,0,0,0.00),rgba(0,0,0,0.25))\"><\/div><div class=\"l-section-h i-cf\"><div class=\"g-cols vc_row via_flex valign_bottom type_default stacking_default\"><div class=\"vc_col-sm-12 wpb_column vc_column_container\"><div class=\"vc_column-inner\"><div class=\"wpb_wrapper\"><\/div><\/div><\/div><\/div><\/div><\/section><section class=\"l-section wpb_row height_medium\"><div class=\"l-section-h i-cf\"><div class=\"g-cols vc_row via_flex valign_top type_default stacking_default\"><div class=\"vc_col-sm-12 wpb_column vc_column_container\"><div class=\"vc_column-inner\"><div class=\"wpb_wrapper\"><div class=\"g-cols wpb_row via_flex valign_top type_default stacking_default\"><div class=\"vc_col-sm-5 wpb_column vc_column_container\"><div class=\"vc_column-inner\"><div class=\"wpb_wrapper\"><h1 class=\"w-text us_custom_b059d255 us_animate_this\"><span class=\"w-text-h\"><span class=\"w-text-value\">angebote<\/span><\/span><\/h1><\/div><\/div><\/div><div class=\"vc_col-sm-7 wpb_column vc_column_container\"><div class=\"vc_column-inner\"><div class=\"wpb_wrapper\"><div class=\"wpb_text_column\"><div class=\"wpb_wrapper\"><p>Lassen Sie sich von unseren Spezialangeboten erobern, dank denen Sie einen unvergesslichen Urlaub in den Bergen in der zauberhaften Kulisse des Trentino verbringen. Um all Ihren Anforderungen entgegen zu kommen, haben wir eine Reihe von Angeboten f\u00fcr alle vorbereitet: Familien mit Kindern, Freunde des Aktivurlaubs und Liebhaber der guten K\u00fcche. W\u00e4hlen Sie aus unseren unverzichtbaren Angeboten dasjenige, das Ihren W\u00fcnschen am besten entspricht und buchen Sie jetzt Ihren fantastischen Urlaub in den Bergen im Trentino, am Fu\u00dfe der Dolomiten und in unmittelbarer N\u00e4he zum Gardasee.<\/p>\n<\/div><\/div><\/div><\/div><\/div><\/div><\/div><\/div><\/div><\/div><\/div><\/section><section class=\"l-section wpb_row height_medium\"><div class=\"l-section-h i-cf\"><div class=\"g-cols vc_row via_flex valign_top type_default stacking_default\"><div class=\"vc_col-sm-12 wpb_column vc_column_container\"><div class=\"vc_column-inner\"><div class=\"wpb_wrapper\"><div class=\"w-grid us_carousel us_custom_eaca26c6 us_animate_this type_carousel layout_558 overflow_hidden preload_style_spinner items_3\" id=\"us_grid_1\" style=\"--items:3;--gap:1rem;\"><style>.layout_558 .w-grid-item-h{background:var(--color-content-bg);color:var(--color-content-text);border-radius:0.3rem;box-shadow:0 0.03rem 0.06rem rgba(0,0,0,0.1),0 0.1rem 0.3rem rgba(0,0,0,0.1);transition-duration:0.3s}.no-touch .layout_558 .w-grid-item-h:hover{box-shadow:0 0.1rem 0.2rem rgba(0,0,0,0.1),0 0.33rem 1rem rgba(0,0,0,0.15);z-index:4}.layout_558 .usg_post_image_1{margin-bottom:-2rem!important}.layout_558 .usg_post_title_1{color:var(--color-header-middle-text-hover)!important;font-size:1.4rem!important;line-height:1.2!important;font-family:var(--h3-font-family)!important;font-weight:700!important}.layout_558 .usg_vwrapper_1{margin-top:2rem!important;padding:9% 11% 11% 11%!important}.layout_558 .usg_post_taxonomy_1{font-size:10px!important;font-weight:700!important;text-transform:uppercase!important;position:absolute!important;left:1.2rem!important;top:1.2rem!important;right:1.2rem!important;z-index:2!important}.layout_558 .usg_post_custom_field_1{font-size:1.5rem!important;line-height:1.2!important}@media (max-width:600px){.layout_558 .usg_post_title_1{font-size:1.2rem!important}}<\/style><div class=\"w-grid-list owl-carousel valign_stretch dotstyle_circle navstyle_6 arrows-ver-pos_middle arrows-hor-pos_on_sides_inside arrows-disabled_hide owl-responsive-2000 with_dots with_arrows\" style=\"--transition-duration:350ms;--arrows-size:1.5rem;--arrows-hor-offset:calc(-40px - 1rem);--arrows-gap:10px;\">\t<article class=\"w-grid-item post-3283 offerta type-offerta status-publish has-post-thumbnail hentry offerta-offerta\" data-id=\"3283\">\r\n\t\t<div class=\"w-grid-item-h\">\r\n\t\t\t\t\t\t<div class=\"w-post-elm post_image usg_post_image_1 stretched\"><a href=\"https:\/\/hotelmartinelli.it\/de\/offerta\/offizieller-tarif\/\" aria-label=\"Offizieller Tarif\"><img loading=\"lazy\" decoding=\"async\" width=\"1024\" height=\"683\" src=\"https:\/\/hotelmartinelli.it\/wp-content\/uploads\/2024\/01\/OND04233-1024x683.jpg\" class=\"attachment-large size-large wp-post-image\" alt=\"\" srcset=\"https:\/\/hotelmartinelli.it\/wp-content\/uploads\/2024\/01\/OND04233-1024x683.jpg 1024w, https:\/\/hotelmartinelli.it\/wp-content\/uploads\/2024\/01\/OND04233-300x200.jpg 300w, https:\/\/hotelmartinelli.it\/wp-content\/uploads\/2024\/01\/OND04233-1280x853.jpg 1280w, https:\/\/hotelmartinelli.it\/wp-content\/uploads\/2024\/01\/OND04233.jpg 1920w\" sizes=\"auto, (max-width: 1024px) 100vw, 1024px\" \/><\/a><\/div><div class=\"w-post-elm post_taxonomy usg_post_taxonomy_1 style_badge color_link_inherit\"><a class=\"w-btn us-btn-style_badge term-4 term-offerta\" href=\"https:\/\/hotelmartinelli.it\/offerta\/offerta\/\"><span class=\"w-btn-label\">Offerta<\/span><\/a><\/div><div class=\"w-vwrapper usg_vwrapper_1\"><h4 class=\"w-post-elm post_title usg_post_title_1 has_text_color entry-title color_link_inherit\"><a href=\"https:\/\/hotelmartinelli.it\/de\/offerta\/offizieller-tarif\/\">Offizieller Tarif<\/a><\/h4><div class=\"w-post-elm post_custom_field usg_post_custom_field_2 type_text validita\"><i class=\"fas fa-calendar-alt\"><\/i><span class=\"w-post-elm-value\">G\u00fcltig das ganze Jahr hindurch<\/span><\/div><div class=\"w-post-elm post_custom_field usg_post_custom_field_1 type_text titoletto\"><span class=\"w-post-elm-value\">Bester Preis online!<\/span><\/div><a class=\"w-btn us-btn-style_1 usg_btn_1\" href=\"https:\/\/hotelmartinelli.it\/de\/offerta\/offizieller-tarif\/\"><span class=\"w-btn-label\">Entdecken Sie das Angebot<\/span><\/a><\/div>\t\t<\/div>\r\n\t\t\t<\/article>\r\n<\/div><div class=\"w-grid-carousel-json hidden\" onclick='return {&quot;carousel_settings&quot;:{&quot;aria_labels&quot;:{&quot;prev&quot;:&quot;Zur\\u00fcck&quot;,&quot;next&quot;:&quot;Weiter&quot;},&quot;autoplayContinual&quot;:false,&quot;autoplayHoverPause&quot;:false,&quot;autoplayTimeout&quot;:3000,&quot;autoWidth&quot;:false,&quot;smartSpeed&quot;:350,&quot;margin&quot;:0,&quot;mouseDrag&quot;:true,&quot;rtl&quot;:false,&quot;slideBy&quot;:&quot;1&quot;,&quot;touchDrag&quot;:true,&quot;slideTransition&quot;:&quot;&quot;,&quot;responsive&quot;:{&quot;0&quot;:{&quot;autoHeight&quot;:false,&quot;autoplay&quot;:true,&quot;autoWidth&quot;:false,&quot;center&quot;:false,&quot;dots&quot;:true,&quot;items&quot;:1,&quot;loop&quot;:false,&quot;nav&quot;:false,&quot;stagePadding&quot;:0,&quot;slideBy&quot;:&quot;1&quot;},&quot;601&quot;:{&quot;autoHeight&quot;:false,&quot;autoplay&quot;:true,&quot;autoWidth&quot;:false,&quot;center&quot;:false,&quot;dots&quot;:true,&quot;items&quot;:2,&quot;loop&quot;:false,&quot;nav&quot;:true,&quot;stagePadding&quot;:0,&quot;slideBy&quot;:&quot;1&quot;},&quot;1025&quot;:{&quot;autoHeight&quot;:false,&quot;autoplay&quot;:true,&quot;autoWidth&quot;:false,&quot;center&quot;:false,&quot;dots&quot;:true,&quot;items&quot;:3,&quot;loop&quot;:false,&quot;nav&quot;:true,&quot;stagePadding&quot;:0,&quot;slideBy&quot;:&quot;1&quot;},&quot;1381&quot;:{&quot;items&quot;:3,&quot;autoplay&quot;:false,&quot;center&quot;:false,&quot;dots&quot;:true,&quot;nav&quot;:true,&quot;autoHeight&quot;:false,&quot;autoWidth&quot;:false,&quot;loop&quot;:false,&quot;stagePadding&quot;:40}}}}'><\/div><\/div><\/div><\/div><\/div><\/div><\/div><\/section><section class=\"l-section wpb_row height_auto color_alternate\"><div class=\"l-section-h i-cf\"><div class=\"g-cols vc_row via_flex valign_middle type_default stacking_default\"><div class=\"vc_col-sm-6 wpb_column vc_column_container  has_bg_color stretched\"><div class=\"vc_column-inner us_custom_73f432a6 us_animate_this\"><div class=\"wpb_wrapper\"><\/div><\/div><\/div><div class=\"vc_col-sm-6 wpb_column vc_column_container\"><div class=\"vc_column-inner us_custom_ff13c409 us_animate_this\"><div class=\"wpb_wrapper\"><div class=\"w-separator size_large\"><\/div><div class=\"w-vwrapper us_custom_8e3d53c6 align_none valign_top\"><h2 class=\"w-text us_custom_fe886e40\"><span class=\"w-text-h\"><span class=\"w-text-value\">Fahrrad-Verleih<\/span><\/span><\/h2><h4 class=\"w-text us_custom_fe886e40\"><span class=\"w-text-h\"><span class=\"w-text-value\">Spezielle Vereinbarungen mit den besten Verleihstellen der Gegend.<\/span><\/span><\/h4><div class=\"w-separator size_small\"><\/div><div class=\"wpb_text_column\"><div class=\"wpb_wrapper\"><p>Mit \u00fcber 25 Modellen (E-Bikes, Rennr\u00e4der, MTB, Gravel und City Bikes) finden Sie stets das richtige Fahrrad f\u00fcr sich!<br \/>\n<b>Lassen Sie sich das Fahrrad direkt in unser Hotel liefern.<\/b><\/p>\n<\/div><\/div><div class=\"w-separator size_small\"><\/div><div class=\"w-text icon_atleft\"><span class=\"w-text-h\"><i class=\"fas fa-info-circle\"><\/i><span class=\"w-text-value\">Die Leihanfrage muss w\u00e4hrend der Buchung des Aufenthalts erfolgen. Die Best\u00e4tigung unterliegt der Verf\u00fcgbarkeit der Verleihstelle.<\/span><\/span><\/div><div class=\"w-separator size_small\"><\/div><\/div><div class=\"w-separator size_large\"><\/div><\/div><\/div><\/div><\/div><\/div><\/section><section class=\"l-section wpb_row height_medium full_height valign_center with_img\"><div class=\"l-section-img\" role=\"img\" aria-label=\"Bild\" data-img-width=\"1800\" data-img-height=\"1316\" style=\"background-image: url(https:\/\/hotelmartinelli.it\/wp-content\/uploads\/2024\/01\/saune-e-percorsi-benessere.jpg);background-repeat: no-repeat;\"><\/div><div class=\"l-section-overlay\" style=\"background:linear-gradient(30deg,rgba(0,0,0,0.65),rgba(0,0,0,0.05))\"><\/div><div class=\"l-section-h i-cf\"><div class=\"g-cols vc_row via_flex valign_top type_default stacking_default\"><div class=\"vc_col-sm-12 wpb_column vc_column_container\"><div class=\"vc_column-inner\"><div class=\"wpb_wrapper\"><div class=\"w-image align_none\"><div class=\"w-image-h\"><img decoding=\"async\" width=\"225\" height=\"137\" src=\"https:\/\/hotelmartinelli.it\/wp-content\/uploads\/2024\/01\/marchio-thermae.svg\" class=\"attachment-full size-full\" alt=\"\" loading=\"lazy\" \/><\/div><\/div><div class=\"w-separator size_small\"><\/div><h2 class=\"w-text us_custom_f0898d9f has_text_color us_animate_this\"><span class=\"w-text-h\"><span class=\"w-text-value\">verg\u00fcnstigter Eintritt bei Garda Thermae<\/span><\/span><\/h2><div class=\"w-separator size_small\"><\/div><div class=\"wpb_text_column us_custom_ed73caa2 has_text_color us_animate_this\"><div class=\"wpb_wrapper\"><p>Unsere G\u00e4ste erhalten Rabatt bei Garda Thermae in Arco di Trento<\/p>\n<\/div><\/div><\/div><\/div><\/div><\/div><\/div><\/section><section class=\"l-section wpb_row height_auto\"><div class=\"l-section-h i-cf\"><div class=\"g-cols vc_row via_flex valign_middle type_default stacking_default\"><div class=\"vc_col-sm-6 wpb_column vc_column_container  has_bg_color stretched\"><div class=\"vc_column-inner us_custom_20c2eea2 us_animate_this\"><div class=\"wpb_wrapper\"><\/div><\/div><\/div><div class=\"vc_col-sm-6 wpb_column vc_column_container\"><div class=\"vc_column-inner us_custom_ff13c409 us_animate_this\"><div class=\"wpb_wrapper\"><div class=\"w-separator size_large\"><\/div><div class=\"w-vwrapper us_custom_8e3d53c6 align_none valign_top\"><h2 class=\"w-text us_custom_fe886e40\"><span class=\"w-text-h\"><span class=\"w-text-value\">Trentino Guest Card<\/span><\/span><\/h2><h4 class=\"w-text us_custom_a2a58cbd has_text_color\"><span class=\"w-text-h\"><span class=\"w-text-value\">Wert \u20ac 40<\/span><\/span><\/h4><div class=\"wpb_text_column\"><div class=\"wpb_wrapper\"><p><b>Stets in der Direktbuchung inkludiert!<br \/>\n<\/b>Dieser Pass macht Ihren Urlaub einfacher und reichhaltiger, mit zahlreichen Vorteilen f\u00fcr Erwachsene und Kinder.<\/p>\n<\/div><\/div><div class=\"w-separator size_small\"><\/div><div class=\"w-btn-wrapper align_none\"><a class=\"w-btn us-btn-style_1\" href=\"https:\/\/hotelmartinelli.it\/trentino-guest-card\/\"><span class=\"w-btn-label\">Die Vorteile entdecken<\/span><\/a><\/div><\/div><div class=\"w-separator size_large\"><\/div><\/div><\/div><\/div><\/div><\/div><\/section><section class=\"l-section wpb_row height_medium full_height valign_center with_img\"><div class=\"l-section-img\" role=\"img\" aria-label=\"Bild\" data-img-width=\"1799\" data-img-height=\"1200\" style=\"background-image: url(https:\/\/hotelmartinelli.it\/wp-content\/uploads\/2024\/01\/marzadro-18-lune-stravecchia-dallo-spirito-giovane-distilleria.jpg);background-repeat: no-repeat;\"><\/div><div class=\"l-section-overlay\" style=\"background:linear-gradient(30deg,rgba(0,0,0,0.65),rgba(0,0,0,0.05))\"><\/div><div class=\"l-section-h i-cf\"><div class=\"g-cols vc_row via_flex valign_top type_default stacking_default\"><div class=\"vc_col-sm-12 wpb_column vc_column_container\"><div class=\"vc_column-inner\"><div class=\"wpb_wrapper\"><div class=\"w-image align_none\"><div class=\"w-image-h\"><img decoding=\"async\" width=\"222\" height=\"125\" src=\"https:\/\/hotelmartinelli.it\/wp-content\/uploads\/2024\/01\/marchio-marzadro.svg\" class=\"attachment-full size-full\" alt=\"\" loading=\"lazy\" \/><\/div><\/div><div class=\"w-separator size_small\"><\/div><h2 class=\"w-text us_custom_f0898d9f has_text_color us_animate_this\"><span class=\"w-text-h\"><span class=\"w-text-value\">Besuch in der Brennerei Marzadro<\/span><\/span><\/h2><div class=\"w-separator size_small\"><\/div><div class=\"wpb_text_column us_custom_ed73caa2 has_text_color us_animate_this\"><div class=\"wpb_wrapper\"><p>Unsere G\u00e4ste erhalten Rabatt in der Brennerei Marzadro in Nogaredo (TN)<\/p>\n<\/div><\/div><\/div><\/div><\/div><\/div><\/div><\/section>\n","protected":false},"excerpt":{"rendered":"8 % Rabatt im Vergleich zu allen anderen Buchungsdiensten (booking.com, Expedia, usw.). Innerhalb eines bestimmten Datums k\u00f6nnen Sie je nach den Bestimmungen f\u00fcr den Zeitraum Ihre Buchung kostenlos stornieren.","protected":false},"author":1,"featured_media":2287,"parent":0,"menu_order":0,"comment_status":"closed","ping_status":"closed","template":"","meta":{"_acf_changed":false,"inline_featured_image":false,"footnotes":""},"class_list":["post-3287","page","type-page","status-publish","has-post-thumbnail","hentry"],"acf":[],"yoast_head":"<!-- This site is optimized with the Yoast SEO plugin v27.4 - https:\/\/yoast.com\/product\/yoast-seo-wordpress\/ -->\n<title>Offerte Hotel Martinelli - Ronzo Chienis Trentino<\/title>\n<meta name=\"description\" content=\"Lasciatevi conquistare dalle nostre offerte speciali che vi faranno trascorrere indimenticabili vacanze in montagna nello splendido scenario del Trentino\" \/>\n<meta name=\"robots\" content=\"index, follow, max-snippet:-1, max-image-preview:large, max-video-preview:-1\" \/>\n<link rel=\"canonical\" href=\"https:\/\/hotelmartinelli.it\/de\/angebote\/\" \/>\n<meta property=\"og:locale\" content=\"de_DE\" \/>\n<meta property=\"og:type\" content=\"article\" \/>\n<meta property=\"og:title\" content=\"Offerte Hotel Martinelli - Ronzo Chienis Trentino\" \/>\n<meta property=\"og:description\" content=\"Lasciatevi conquistare dalle nostre offerte speciali che vi faranno trascorrere indimenticabili vacanze in montagna nello splendido scenario del Trentino\" \/>\n<meta property=\"og:url\" content=\"https:\/\/hotelmartinelli.it\/de\/angebote\/\" \/>\n<meta property=\"og:site_name\" content=\"Hotel Martinelli\" \/>\n<meta property=\"article:publisher\" content=\"https:\/\/www.facebook.com\/HotelMartinelli\" \/>\n<meta property=\"article:modified_time\" content=\"2024-04-15T08:40:10+00:00\" \/>\n<meta property=\"og:image\" content=\"https:\/\/hotelmartinelli.it\/wp-content\/uploads\/2024\/01\/OND03898.jpg\" \/>\n\t<meta property=\"og:image:width\" content=\"1920\" \/>\n\t<meta property=\"og:image:height\" content=\"1281\" \/>\n\t<meta property=\"og:image:type\" content=\"image\/jpeg\" \/>\n<meta name=\"twitter:card\" content=\"summary_large_image\" \/>\n<meta name=\"twitter:label1\" content=\"Gesch\u00e4tzte Lesezeit\" \/>\n\t<meta name=\"twitter:data1\" content=\"2\u00a0Minuten\" \/>\n<script type=\"application\/ld+json\" class=\"yoast-schema-graph\">{\"@context\":\"https:\\\/\\\/schema.org\",\"@graph\":[{\"@type\":\"WebPage\",\"@id\":\"https:\\\/\\\/hotelmartinelli.it\\\/de\\\/angebote\\\/\",\"url\":\"https:\\\/\\\/hotelmartinelli.it\\\/de\\\/angebote\\\/\",\"name\":\"Offerte Hotel Martinelli - Ronzo Chienis Trentino\",\"isPartOf\":{\"@id\":\"https:\\\/\\\/hotelmartinelli.it\\\/#website\"},\"primaryImageOfPage\":{\"@id\":\"https:\\\/\\\/hotelmartinelli.it\\\/de\\\/angebote\\\/#primaryimage\"},\"image\":{\"@id\":\"https:\\\/\\\/hotelmartinelli.it\\\/de\\\/angebote\\\/#primaryimage\"},\"thumbnailUrl\":\"https:\\\/\\\/hotelmartinelli.it\\\/wp-content\\\/uploads\\\/2024\\\/01\\\/OND03898.jpg\",\"datePublished\":\"2024-01-11T15:21:19+00:00\",\"dateModified\":\"2024-04-15T08:40:10+00:00\",\"description\":\"Lasciatevi conquistare dalle nostre offerte speciali che vi faranno trascorrere indimenticabili vacanze in montagna nello splendido scenario del Trentino\",\"breadcrumb\":{\"@id\":\"https:\\\/\\\/hotelmartinelli.it\\\/de\\\/angebote\\\/#breadcrumb\"},\"inLanguage\":\"de\",\"potentialAction\":[{\"@type\":\"ReadAction\",\"target\":[\"https:\\\/\\\/hotelmartinelli.it\\\/de\\\/angebote\\\/\"]}]},{\"@type\":\"ImageObject\",\"inLanguage\":\"de\",\"@id\":\"https:\\\/\\\/hotelmartinelli.it\\\/de\\\/angebote\\\/#primaryimage\",\"url\":\"https:\\\/\\\/hotelmartinelli.it\\\/wp-content\\\/uploads\\\/2024\\\/01\\\/OND03898.jpg\",\"contentUrl\":\"https:\\\/\\\/hotelmartinelli.it\\\/wp-content\\\/uploads\\\/2024\\\/01\\\/OND03898.jpg\",\"width\":1920,\"height\":1281},{\"@type\":\"BreadcrumbList\",\"@id\":\"https:\\\/\\\/hotelmartinelli.it\\\/de\\\/angebote\\\/#breadcrumb\",\"itemListElement\":[{\"@type\":\"ListItem\",\"position\":1,\"name\":\"Home\",\"item\":\"https:\\\/\\\/hotelmartinelli.it\\\/de\\\/\"},{\"@type\":\"ListItem\",\"position\":2,\"name\":\"ANGEBOTE\"}]},{\"@type\":\"WebSite\",\"@id\":\"https:\\\/\\\/hotelmartinelli.it\\\/#website\",\"url\":\"https:\\\/\\\/hotelmartinelli.it\\\/\",\"name\":\"Hotel Martinelli\",\"description\":\"\",\"publisher\":{\"@id\":\"https:\\\/\\\/hotelmartinelli.it\\\/#organization\"},\"potentialAction\":[{\"@type\":\"SearchAction\",\"target\":{\"@type\":\"EntryPoint\",\"urlTemplate\":\"https:\\\/\\\/hotelmartinelli.it\\\/?s={search_term_string}\"},\"query-input\":{\"@type\":\"PropertyValueSpecification\",\"valueRequired\":true,\"valueName\":\"search_term_string\"}}],\"inLanguage\":\"de\"},{\"@type\":\"Organization\",\"@id\":\"https:\\\/\\\/hotelmartinelli.it\\\/#organization\",\"name\":\"Hotel Martinelli\",\"url\":\"https:\\\/\\\/hotelmartinelli.it\\\/\",\"logo\":{\"@type\":\"ImageObject\",\"inLanguage\":\"de\",\"@id\":\"https:\\\/\\\/hotelmartinelli.it\\\/#\\\/schema\\\/logo\\\/image\\\/\",\"url\":\"https:\\\/\\\/hotelmartinelli.it\\\/wp-content\\\/uploads\\\/2024\\\/01\\\/logomartinelli-seo.png\",\"contentUrl\":\"https:\\\/\\\/hotelmartinelli.it\\\/wp-content\\\/uploads\\\/2024\\\/01\\\/logomartinelli-seo.png\",\"width\":391,\"height\":57,\"caption\":\"Hotel Martinelli\"},\"image\":{\"@id\":\"https:\\\/\\\/hotelmartinelli.it\\\/#\\\/schema\\\/logo\\\/image\\\/\"},\"sameAs\":[\"https:\\\/\\\/www.facebook.com\\\/HotelMartinelli\"]}]}<\/script>\n<!-- \/ Yoast SEO plugin. -->","yoast_head_json":{"title":"Offerte Hotel Martinelli - Ronzo Chienis Trentino","description":"Lasciatevi conquistare dalle nostre offerte speciali che vi faranno trascorrere indimenticabili vacanze in montagna nello splendido scenario del Trentino","robots":{"index":"index","follow":"follow","max-snippet":"max-snippet:-1","max-image-preview":"max-image-preview:large","max-video-preview":"max-video-preview:-1"},"canonical":"https:\/\/hotelmartinelli.it\/de\/angebote\/","og_locale":"de_DE","og_type":"article","og_title":"Offerte Hotel Martinelli - Ronzo Chienis Trentino","og_description":"Lasciatevi conquistare dalle nostre offerte speciali che vi faranno trascorrere indimenticabili vacanze in montagna nello splendido scenario del Trentino","og_url":"https:\/\/hotelmartinelli.it\/de\/angebote\/","og_site_name":"Hotel Martinelli","article_publisher":"https:\/\/www.facebook.com\/HotelMartinelli","article_modified_time":"2024-04-15T08:40:10+00:00","og_image":[{"width":1920,"height":1281,"url":"https:\/\/hotelmartinelli.it\/wp-content\/uploads\/2024\/01\/OND03898.jpg","type":"image\/jpeg"}],"twitter_card":"summary_large_image","twitter_misc":{"Gesch\u00e4tzte Lesezeit":"2\u00a0Minuten"},"schema":{"@context":"https:\/\/schema.org","@graph":[{"@type":"WebPage","@id":"https:\/\/hotelmartinelli.it\/de\/angebote\/","url":"https:\/\/hotelmartinelli.it\/de\/angebote\/","name":"Offerte Hotel Martinelli - Ronzo Chienis Trentino","isPartOf":{"@id":"https:\/\/hotelmartinelli.it\/#website"},"primaryImageOfPage":{"@id":"https:\/\/hotelmartinelli.it\/de\/angebote\/#primaryimage"},"image":{"@id":"https:\/\/hotelmartinelli.it\/de\/angebote\/#primaryimage"},"thumbnailUrl":"https:\/\/hotelmartinelli.it\/wp-content\/uploads\/2024\/01\/OND03898.jpg","datePublished":"2024-01-11T15:21:19+00:00","dateModified":"2024-04-15T08:40:10+00:00","description":"Lasciatevi conquistare dalle nostre offerte speciali che vi faranno trascorrere indimenticabili vacanze in montagna nello splendido scenario del Trentino","breadcrumb":{"@id":"https:\/\/hotelmartinelli.it\/de\/angebote\/#breadcrumb"},"inLanguage":"de","potentialAction":[{"@type":"ReadAction","target":["https:\/\/hotelmartinelli.it\/de\/angebote\/"]}]},{"@type":"ImageObject","inLanguage":"de","@id":"https:\/\/hotelmartinelli.it\/de\/angebote\/#primaryimage","url":"https:\/\/hotelmartinelli.it\/wp-content\/uploads\/2024\/01\/OND03898.jpg","contentUrl":"https:\/\/hotelmartinelli.it\/wp-content\/uploads\/2024\/01\/OND03898.jpg","width":1920,"height":1281},{"@type":"BreadcrumbList","@id":"https:\/\/hotelmartinelli.it\/de\/angebote\/#breadcrumb","itemListElement":[{"@type":"ListItem","position":1,"name":"Home","item":"https:\/\/hotelmartinelli.it\/de\/"},{"@type":"ListItem","position":2,"name":"ANGEBOTE"}]},{"@type":"WebSite","@id":"https:\/\/hotelmartinelli.it\/#website","url":"https:\/\/hotelmartinelli.it\/","name":"Hotel Martinelli","description":"","publisher":{"@id":"https:\/\/hotelmartinelli.it\/#organization"},"potentialAction":[{"@type":"SearchAction","target":{"@type":"EntryPoint","urlTemplate":"https:\/\/hotelmartinelli.it\/?s={search_term_string}"},"query-input":{"@type":"PropertyValueSpecification","valueRequired":true,"valueName":"search_term_string"}}],"inLanguage":"de"},{"@type":"Organization","@id":"https:\/\/hotelmartinelli.it\/#organization","name":"Hotel Martinelli","url":"https:\/\/hotelmartinelli.it\/","logo":{"@type":"ImageObject","inLanguage":"de","@id":"https:\/\/hotelmartinelli.it\/#\/schema\/logo\/image\/","url":"https:\/\/hotelmartinelli.it\/wp-content\/uploads\/2024\/01\/logomartinelli-seo.png","contentUrl":"https:\/\/hotelmartinelli.it\/wp-content\/uploads\/2024\/01\/logomartinelli-seo.png","width":391,"height":57,"caption":"Hotel Martinelli"},"image":{"@id":"https:\/\/hotelmartinelli.it\/#\/schema\/logo\/image\/"},"sameAs":["https:\/\/www.facebook.com\/HotelMartinelli"]}]}},"_links":{"self":[{"href":"https:\/\/hotelmartinelli.it\/de\/wp-json\/wp\/v2\/pages\/3287","targetHints":{"allow":["GET"]}}],"collection":[{"href":"https:\/\/hotelmartinelli.it\/de\/wp-json\/wp\/v2\/pages"}],"about":[{"href":"https:\/\/hotelmartinelli.it\/de\/wp-json\/wp\/v2\/types\/page"}],"author":[{"embeddable":true,"href":"https:\/\/hotelmartinelli.it\/de\/wp-json\/wp\/v2\/users\/1"}],"replies":[{"embeddable":true,"href":"https:\/\/hotelmartinelli.it\/de\/wp-json\/wp\/v2\/comments?post=3287"}],"version-history":[{"count":2,"href":"https:\/\/hotelmartinelli.it\/de\/wp-json\/wp\/v2\/pages\/3287\/revisions"}],"predecessor-version":[{"id":3290,"href":"https:\/\/hotelmartinelli.it\/de\/wp-json\/wp\/v2\/pages\/3287\/revisions\/3290"}],"wp:featuredmedia":[{"embeddable":true,"href":"https:\/\/hotelmartinelli.it\/de\/wp-json\/wp\/v2\/media\/2287"}],"wp:attachment":[{"href":"https:\/\/hotelmartinelli.it\/de\/wp-json\/wp\/v2\/media?parent=3287"}],"curies":[{"name":"wp","href":"https:\/\/api.w.org\/{rel}","templated":true}]}}